{"id":692,"date":"2021-06-14T12:56:47","date_gmt":"2021-06-14T12:56:47","guid":{"rendered":"http:\/\/31.217.192.73\/~metsakol\/?page_id=692"},"modified":"2025-03-31T17:16:08","modified_gmt":"2025-03-31T14:16:08","slug":"meista","status":"publish","type":"page","link":"https:\/\/metsakolo.fi\/en\/meista\/","title":{"rendered":"About us"},"content":{"rendered":"<div data-elementor-type=\"wp-page\" data-elementor-id=\"692\" class=\"elementor elementor-692\" data-elementor-post-type=\"page\">\n\t\t\t\t\t\t<section data-particle_enable=\"false\" data-particle-mobile-disabled=\"false\" class=\"elementor-section elementor-top-section elementor-element elementor-element-54cf108 elementor-section-height-min-height elementor-section-boxed elementor-section-height-default elementor-section-items-middle\" data-id=\"54cf108\" data-element_type=\"section\" data-e-type=\"section\" data-settings=\"{&quot;background_background&quot;:&quot;classic&quot;}\">\n\t\t\t\t\t\t<div class=\"elementor-container elementor-column-gap-default\">\n\t\t\t\t\t<div class=\"elementor-column elementor-col-100 elementor-top-column elementor-element elementor-element-7118f92\" data-id=\"7118f92\" data-element_type=\"column\" data-e-type=\"column\">\n\t\t\t<div class=\"elementor-widget-wrap elementor-element-populated\">\n\t\t\t\t\t\t<div class=\"elementor-element elementor-element-a593e30 elementor-widget elementor-widget-heading\" data-id=\"a593e30\" data-element_type=\"widget\" data-e-type=\"widget\" data-widget_type=\"heading.default\">\n\t\t\t\t<div class=\"elementor-widget-container\">\n\t\t\t\t\t<h2 class=\"elementor-heading-title elementor-size-default\">Our story<\/h2>\t\t\t\t<\/div>\n\t\t\t\t<\/div>\n\t\t\t\t\t<\/div>\n\t\t<\/div>\n\t\t\t\t\t<\/div>\n\t\t<\/section>\n\t\t\t\t<section data-particle_enable=\"false\" data-particle-mobile-disabled=\"false\" class=\"elementor-section elementor-top-section elementor-element elementor-element-39b5874 elementor-section-boxed elementor-section-height-default elementor-section-height-default elementor-invisible\" data-id=\"39b5874\" data-element_type=\"section\" data-e-type=\"section\" data-settings=\"{&quot;background_background&quot;:&quot;classic&quot;,&quot;animation&quot;:&quot;slideInUp&quot;}\">\n\t\t\t\t\t\t<div class=\"elementor-container elementor-column-gap-default\">\n\t\t\t\t\t<div class=\"elementor-column elementor-col-100 elementor-top-column elementor-element elementor-element-9a00bca\" data-id=\"9a00bca\" data-element_type=\"column\" data-e-type=\"column\">\n\t\t\t<div class=\"elementor-widget-wrap elementor-element-populated\">\n\t\t\t\t\t\t<section data-particle_enable=\"false\" data-particle-mobile-disabled=\"false\" class=\"elementor-section elementor-inner-section elementor-element elementor-element-3e119e3 elementor-section-boxed elementor-section-height-default elementor-section-height-default\" data-id=\"3e119e3\" data-element_type=\"section\" data-e-type=\"section\">\n\t\t\t\t\t\t<div class=\"elementor-container elementor-column-gap-default\">\n\t\t\t\t\t<div class=\"elementor-column elementor-col-50 elementor-inner-column elementor-element elementor-element-ea327a3\" data-id=\"ea327a3\" data-element_type=\"column\" data-e-type=\"column\">\n\t\t\t<div class=\"elementor-widget-wrap elementor-element-populated\">\n\t\t\t\t\t\t<div class=\"elementor-element elementor-element-0aa47f0 elementor-invisible elementor-widget elementor-widget-image\" data-id=\"0aa47f0\" data-element_type=\"widget\" data-e-type=\"widget\" data-settings=\"{&quot;_animation&quot;:&quot;fadeInUp&quot;}\" data-widget_type=\"image.default\">\n\t\t\t\t<div class=\"elementor-widget-container\">\n\t\t\t\t\t\t\t\t\t\t\t\t\t\t\t<img fetchpriority=\"high\" decoding=\"async\" width=\"578\" height=\"768\" src=\"https:\/\/metsakolo.fi\/wp-content\/uploads\/2021\/06\/Meist\u00e4_Alexandra.jpg\" class=\"attachment-large size-large wp-image-2174\" alt=\"On the shores of a girl\" srcset=\"https:\/\/metsakolo.fi\/wp-content\/uploads\/2021\/06\/Meista\u0308_Alexandra.jpg 578w, https:\/\/metsakolo.fi\/wp-content\/uploads\/2021\/06\/Meista\u0308_Alexandra-226x300.jpg 226w\" sizes=\"(max-width: 578px) 100vw, 578px\" \/>\t\t\t\t\t\t\t\t\t\t\t\t\t\t\t<\/div>\n\t\t\t\t<\/div>\n\t\t\t\t\t<\/div>\n\t\t<\/div>\n\t\t\t\t<div class=\"elementor-column elementor-col-50 elementor-inner-column elementor-element elementor-element-b57b641\" data-id=\"b57b641\" data-element_type=\"column\" data-e-type=\"column\">\n\t\t\t<div class=\"elementor-widget-wrap elementor-element-populated\">\n\t\t\t\t\t\t<div class=\"elementor-element elementor-element-c1e6b56 elementor-widget elementor-widget-text-editor\" data-id=\"c1e6b56\" data-element_type=\"widget\" data-e-type=\"widget\" data-widget_type=\"text-editor.default\">\n\t\t\t\t<div class=\"elementor-widget-container\">\n\t\t\t\t\t\t\t\t\t<p>Olen Alexandra Paulomo, paljasjalkainen stadilainen. Olen asunut koko aikuisik\u00e4ni It\u00e4vallan Salzburgissa, miss\u00e4 toimin yritt\u00e4j\u00e4n\u00e4 matkailu- ja tapahtumaj\u00e4rjest\u00e4misen aloilla. Olin matkustanut maailman \u00e4\u00e4riin ja takaisin, kunnes kes\u00e4ll\u00e4 2018 saavuin ensi kertaa Ranuan Saariharjulla sijaitsevaan sukumets\u00e4\u00e4n. Herkistyin, ja tuli tunne, ett\u00e4 t\u00e4nne kuulun.<\/p><p>Muutaman mutkan, muuttuneiden suunnitelmien ja onnenkantamoisen kautta hankimme sukumets\u00e4t avopuolisoni kanssa omaksemme. Seuraavan vuoden aikana matkustimme Salzburgin ja Ranuan v\u00e4li\u00e4 tiuhaan tahtiin. Lokakuussa 2019 pakkasin poikani ja tarpeellisimmat tarvittavat pakettiautoon, ja viiletimme l\u00e4pi Keski-Euroopan Suomen Lappiin.<\/p><p>P\u00e4\u00e4si\u00e4isen\u00e4 2020 hankimme Mets\u00e4 Kolon kiinteist\u00f6n, ja siit\u00e4 hetkest\u00e4 asti ovat maalipurkit, pensselit, saha ja h\u00f6yl\u00e4 saaneet vauhtia, jotta voisin toivottaa oman polkunsa kulkijat Lapink\u00e4vij\u00e4t tervetulleeksi keskell\u00e4 mets\u00e4\u00e4, kuvan kauniin Saarij\u00e4rven rannalle. Jos et n\u00e4e minua saapuessasi, l\u00f6yd\u00e4t minut omassa elementiss\u00e4ni veden tai tulen \u00e4\u00e4rest\u00e4, mets\u00e4st\u00e4 (py\u00f6r\u00e4n satulasta), marjan ja sienten keruupuuhista tai saunasta.<\/p><p>Tervetuloa rakkaaseen Mets\u00e4 Kolooni!<br \/>Alexandra<\/p>\t\t\t\t\t\t\t\t<\/div>\n\t\t\t\t<\/div>\n\t\t\t\t\t<\/div>\n\t\t<\/div>\n\t\t\t\t\t<\/div>\n\t\t<\/section>\n\t\t\t\t\t<\/div>\n\t\t<\/div>\n\t\t\t\t\t<\/div>\n\t\t<\/section>\n\t\t\t\t<section data-particle_enable=\"false\" data-particle-mobile-disabled=\"false\" class=\"elementor-section elementor-top-section elementor-element elementor-element-c9e9b2f elementor-section-boxed elementor-section-height-default elementor-section-height-default\" data-id=\"c9e9b2f\" data-element_type=\"section\" data-e-type=\"section\" data-settings=\"{&quot;background_background&quot;:&quot;classic&quot;}\">\n\t\t\t\t\t\t<div class=\"elementor-container elementor-column-gap-default\">\n\t\t\t\t\t<div class=\"elementor-column elementor-col-100 elementor-top-column elementor-element elementor-element-8d3511a elementor-invisible\" data-id=\"8d3511a\" data-element_type=\"column\" data-e-type=\"column\" data-settings=\"{&quot;animation&quot;:&quot;slideInUp&quot;}\">\n\t\t\t<div class=\"elementor-widget-wrap elementor-element-populated\">\n\t\t\t\t\t\t<div class=\"elementor-element elementor-element-a2f451f elementor-widget elementor-widget-text-editor\" data-id=\"a2f451f\" data-element_type=\"widget\" data-e-type=\"widget\" data-widget_type=\"text-editor.default\">\n\t\t\t\t<div class=\"elementor-widget-container\">\n\t\t\t\t\t\t\t\t\t<h1 style=\"text-align: center;\"><strong>Our values<\/strong><\/h1><div>\u00a0<\/div>\t\t\t\t\t\t\t\t<\/div>\n\t\t\t\t<\/div>\n\t\t\t\t<section data-particle_enable=\"false\" data-particle-mobile-disabled=\"false\" class=\"elementor-section elementor-inner-section elementor-element elementor-element-de1aa08 elementor-section-boxed elementor-section-height-default elementor-section-height-default\" data-id=\"de1aa08\" data-element_type=\"section\" data-e-type=\"section\">\n\t\t\t\t\t\t<div class=\"elementor-container elementor-column-gap-default\">\n\t\t\t\t\t<div class=\"elementor-column elementor-col-50 elementor-inner-column elementor-element elementor-element-7e744ad\" data-id=\"7e744ad\" data-element_type=\"column\" data-e-type=\"column\">\n\t\t\t<div class=\"elementor-widget-wrap elementor-element-populated\">\n\t\t\t\t\t\t<div class=\"elementor-element elementor-element-2a9964a elementor-invisible elementor-widget elementor-widget-image\" data-id=\"2a9964a\" data-element_type=\"widget\" data-e-type=\"widget\" data-settings=\"{&quot;_animation&quot;:&quot;fadeInUp&quot;}\" data-widget_type=\"image.default\">\n\t\t\t\t<div class=\"elementor-widget-container\">\n\t\t\t\t\t\t\t\t\t\t\t\t\t\t\t<img decoding=\"async\" width=\"768\" height=\"576\" src=\"https:\/\/metsakolo.fi\/wp-content\/uploads\/2021\/06\/Juhannus_soutelu1.jpg\" class=\"attachment-large size-large wp-image-2175\" alt=\"Wreaths in a wooden boat\" srcset=\"https:\/\/metsakolo.fi\/wp-content\/uploads\/2021\/06\/Juhannus_soutelu1.jpg 768w, https:\/\/metsakolo.fi\/wp-content\/uploads\/2021\/06\/Juhannus_soutelu1-300x225.jpg 300w\" sizes=\"(max-width: 768px) 100vw, 768px\" \/>\t\t\t\t\t\t\t\t\t\t\t\t\t\t\t<\/div>\n\t\t\t\t<\/div>\n\t\t\t\t\t<\/div>\n\t\t<\/div>\n\t\t\t\t<div class=\"elementor-column elementor-col-50 elementor-inner-column elementor-element elementor-element-58920c7\" data-id=\"58920c7\" data-element_type=\"column\" data-e-type=\"column\">\n\t\t\t<div class=\"elementor-widget-wrap elementor-element-populated\">\n\t\t\t\t\t\t<div class=\"elementor-element elementor-element-3df9dc0 elementor-widget elementor-widget-text-editor\" data-id=\"3df9dc0\" data-element_type=\"widget\" data-e-type=\"widget\" data-widget_type=\"text-editor.default\">\n\t\t\t\t<div class=\"elementor-widget-container\">\n\t\t\t\t\t\t\t\t\t<p>The lake and the forest with their bounty are our thing, nature-centered values are naturally an important part of our business. We deeply respect nature and the animals there.<\/p>\n<p>Our respect extends to other people as well. We want to be genuinely good and do good - also pay it forward, so that everyone would feel well.<\/p>\n<p>Toiminnassamme pid\u00e4mme aina laadun etusijalla. Kest\u00e4v\u00e4n kehityksen arvot ovat liiketoimintamme pohjana, l\u00e4pi koko ketjun sen pienimpi\u00e4 yksityiskohtia my\u00f6ten.&nbsp;<\/p>\n<p>Palvelemme paluuta luontoon, yksinkertaisten asioiden \u00e4\u00e4relle. Tavoittelemme el\u00e4m\u00e4n leppoistamista. Kannustamme sulkemaan \u00e4lylaitteet, nappaamaan mainion kirjan kainaloon, hiljentym\u00e4\u00e4n mets\u00e4n sanoman \u00e4\u00e4relle ja rauhoittumaan j\u00e4rven rannalla, ilman suorittamispaineita. Pyrkimyksemme on, ett\u00e4 jokainen voisi l\u00f6yt\u00e4\u00e4 oman mets\u00e4l\u00e4isen sis\u00e4lt\u00e4ns\u00e4 ja saada siit\u00e4 el\u00e4m\u00e4\u00e4ns\u00e4 huojennusta. Rohkaisemme uteliaisuuteen, sill\u00e4 jatkuva oppiminen pit\u00e4\u00e4 ihmisen vireess\u00e4. Kannustamme siis rohkeasti kokeilemaan uutta, oppimaan ja ep\u00e4onnistumaan. Kerromme mielell\u00e4mme maaseudun haasteista, puuhista vuodenkierron mukaan ja el\u00e4m\u00e4narvoisesta luonnonl\u00e4heisest\u00e4 el\u00e4m\u00e4st\u00e4.<\/p>\n<p>We shoulder our responsibilities and serve with our hearts so that our guests would feel at home in Mets\u00e4 Kolo.<\/p>\t\t\t\t\t\t\t\t<\/div>\n\t\t\t\t<\/div>\n\t\t\t\t\t<\/div>\n\t\t<\/div>\n\t\t\t\t\t<\/div>\n\t\t<\/section>\n\t\t\t\t\t<\/div>\n\t\t<\/div>\n\t\t\t\t\t<\/div>\n\t\t<\/section>\n\t\t\t\t<\/div>","protected":false},"excerpt":{"rendered":"<p>Tarinamme Olen Alexandra Paulomo, paljasjalkainen stadilainen. Olen asunut koko aikuisik\u00e4ni It\u00e4vallan Salzburgissa, miss\u00e4 toimin yritt\u00e4j\u00e4n\u00e4 matkailu- ja tapahtumaj\u00e4rjest\u00e4misen aloilla. Olin matkustanut maailman \u00e4\u00e4riin ja takaisin, kunnes kes\u00e4ll\u00e4 2018 saavuin ensi kertaa Ranuan Saariharjulla sijaitsevaan sukumets\u00e4\u00e4n. Herkistyin, ja tuli tunne, ett\u00e4 t\u00e4nne kuulun. Muutaman mutkan, muuttuneiden suunnitelmien ja onnenkantamoisen kautta hankimme sukumets\u00e4t avopuolisoni kanssa omaksemme. Seuraavan [&hellip;]<\/p>\n","protected":false},"author":1,"featured_media":0,"parent":0,"menu_order":0,"comment_status":"closed","ping_status":"closed","template":"elementor_header_footer","meta":{"inline_featured_image":false,"footnotes":""},"class_list":["post-692","page","type-page","status-publish","hentry"],"_links":{"self":[{"href":"https:\/\/metsakolo.fi\/en\/wp-json\/wp\/v2\/pages\/692","targetHints":{"allow":["GET"]}}],"collection":[{"href":"https:\/\/metsakolo.fi\/en\/wp-json\/wp\/v2\/pages"}],"about":[{"href":"https:\/\/metsakolo.fi\/en\/wp-json\/wp\/v2\/types\/page"}],"author":[{"embeddable":true,"href":"https:\/\/metsakolo.fi\/en\/wp-json\/wp\/v2\/users\/1"}],"replies":[{"embeddable":true,"href":"https:\/\/metsakolo.fi\/en\/wp-json\/wp\/v2\/comments?post=692"}],"version-history":[{"count":91,"href":"https:\/\/metsakolo.fi\/en\/wp-json\/wp\/v2\/pages\/692\/revisions"}],"predecessor-version":[{"id":6262,"href":"https:\/\/metsakolo.fi\/en\/wp-json\/wp\/v2\/pages\/692\/revisions\/6262"}],"wp:attachment":[{"href":"https:\/\/metsakolo.fi\/en\/wp-json\/wp\/v2\/media?parent=692"}],"curies":[{"name":"wp","href":"https:\/\/api.w.org\/{rel}","templated":true}]}}