{"id":496,"date":"2021-05-26T18:01:57","date_gmt":"2021-05-26T18:01:57","guid":{"rendered":"http:\/\/31.217.192.73\/~metsakol\/?page_id=496"},"modified":"2022-08-03T12:29:05","modified_gmt":"2022-08-03T09:29:05","slug":"tuote","status":"publish","type":"page","link":"https:\/\/metsakolo.fi\/en\/tuote\/","title":{"rendered":"Product"},"content":{"rendered":"<div data-elementor-type=\"wp-page\" data-elementor-id=\"496\" class=\"elementor elementor-496\" data-elementor-post-type=\"page\">\n\t\t\t\t\t\t<section data-particle_enable=\"false\" data-particle-mobile-disabled=\"false\" class=\"elementor-section elementor-top-section elementor-element elementor-element-78c37a0 elementor-section-boxed elementor-section-height-default elementor-section-height-default\" data-id=\"78c37a0\" data-element_type=\"section\" data-e-type=\"section\" data-settings=\"{&quot;background_background&quot;:&quot;classic&quot;}\">\n\t\t\t\t\t\t<div class=\"elementor-container elementor-column-gap-default\">\n\t\t\t\t\t<div class=\"elementor-column elementor-col-100 elementor-top-column elementor-element elementor-element-47c8d83\" data-id=\"47c8d83\" data-element_type=\"column\" data-e-type=\"column\">\n\t\t\t<div class=\"elementor-widget-wrap elementor-element-populated\">\n\t\t\t\t\t\t<div class=\"elementor-element elementor-element-d2f8904 elementor-widget elementor-widget-lourujohkuelementor_product_link\" data-id=\"d2f8904\" data-element_type=\"widget\" data-e-type=\"widget\" data-widget_type=\"lourujohkuelementor_product_link.default\">\n\t\t\t\t<div class=\"elementor-widget-container\">\n\t\t\t\t\t<div class=\"lje-product-link-wrapper\"><a target=\"_blank\" href=\"#\" class=\"lje-product-link\">Make a booking<\/a><\/div>\t\t\t\t<\/div>\n\t\t\t\t<\/div>\n\t\t\t\t\t<\/div>\n\t\t<\/div>\n\t\t\t\t\t<\/div>\n\t\t<\/section>\n\t\t\t\t<section data-particle_enable=\"false\" data-particle-mobile-disabled=\"false\" class=\"elementor-section elementor-top-section elementor-element elementor-element-6ffa440 elementor-section-height-min-height elementor-section-items-stretch elementor-section-content-top elementor-section-boxed elementor-section-height-default\" data-id=\"6ffa440\" data-element_type=\"section\" data-e-type=\"section\" data-settings=\"{&quot;background_background&quot;:&quot;classic&quot;}\">\n\t\t\t\t\t\t<div class=\"elementor-container elementor-column-gap-default\">\n\t\t\t\t\t<div class=\"elementor-column elementor-col-100 elementor-top-column elementor-element elementor-element-516c582\" data-id=\"516c582\" data-element_type=\"column\" data-e-type=\"column\">\n\t\t\t<div class=\"elementor-widget-wrap elementor-element-populated\">\n\t\t\t\t\t\t<div class=\"elementor-element elementor-element-bae7e9f elementor-align-justify elementor-widget elementor-widget-button\" data-id=\"bae7e9f\" data-element_type=\"widget\" data-e-type=\"widget\" data-widget_type=\"button.default\">\n\t\t\t\t<div class=\"elementor-widget-container\">\n\t\t\t\t\t\t\t\t\t<div class=\"elementor-button-wrapper\">\n\t\t\t\t\t<a class=\"elementor-button elementor-button-link elementor-size-xl\" href=\"https:\/\/lapinmetsalainen.johku.com\/fi_FI\/info\/deliveryTerms\" target=\"_blank\" rel=\"noopener\">\n\t\t\t\t\t\t<span class=\"elementor-button-content-wrapper\">\n\t\t\t\t\t\t\t\t\t<span class=\"elementor-button-text\">Terms of booking<\/span>\n\t\t\t\t\t<\/span>\n\t\t\t\t\t<\/a>\n\t\t\t\t<\/div>\n\t\t\t\t\t\t\t\t<\/div>\n\t\t\t\t<\/div>\n\t\t\t\t<div class=\"elementor-element elementor-element-b4b6452 elementor-widget elementor-widget-lourujohkuelementor_product_image\" data-id=\"b4b6452\" data-element_type=\"widget\" data-e-type=\"widget\" data-widget_type=\"lourujohkuelementor_product_image.default\">\n\t\t\t\t<div class=\"elementor-widget-container\">\n\t\t\t\t\t<img decoding=\"async\" class=\"\" src=\"https:\/\/metsakolo.fi\/wp-content\/uploads\/2021\/07\/soppana_pitkospuut.jpeg\" alt=\"Missing image\">\t\t\t\t<\/div>\n\t\t\t\t<\/div>\n\t\t\t\t\t<\/div>\n\t\t<\/div>\n\t\t\t\t\t<\/div>\n\t\t<\/section>\n\t\t\t\t<section data-particle_enable=\"false\" data-particle-mobile-disabled=\"false\" class=\"elementor-section elementor-top-section elementor-element elementor-element-0956743 elementor-section-boxed elementor-section-height-default elementor-section-height-default\" data-id=\"0956743\" data-element_type=\"section\" data-e-type=\"section\">\n\t\t\t\t\t\t<div class=\"elementor-container elementor-column-gap-default\">\n\t\t\t\t\t<div class=\"elementor-column elementor-col-33 elementor-top-column elementor-element elementor-element-2e1c2ae\" data-id=\"2e1c2ae\" data-element_type=\"column\" data-e-type=\"column\">\n\t\t\t<div class=\"elementor-widget-wrap elementor-element-populated\">\n\t\t\t\t\t\t\t<\/div>\n\t\t<\/div>\n\t\t\t\t<div class=\"elementor-column elementor-col-33 elementor-top-column elementor-element elementor-element-6ea459b\" data-id=\"6ea459b\" data-element_type=\"column\" data-e-type=\"column\">\n\t\t\t<div class=\"elementor-widget-wrap elementor-element-populated\">\n\t\t\t\t\t\t\t<\/div>\n\t\t<\/div>\n\t\t\t\t<div class=\"elementor-column elementor-col-33 elementor-top-column elementor-element elementor-element-4deaf86\" data-id=\"4deaf86\" data-element_type=\"column\" data-e-type=\"column\">\n\t\t\t<div class=\"elementor-widget-wrap elementor-element-populated\">\n\t\t\t\t\t\t\t<\/div>\n\t\t<\/div>\n\t\t\t\t\t<\/div>\n\t\t<\/section>\n\t\t\t\t<section data-particle_enable=\"false\" data-particle-mobile-disabled=\"false\" class=\"elementor-section elementor-top-section elementor-element elementor-element-cf0c156 elementor-section-boxed elementor-section-height-default elementor-section-height-default\" data-id=\"cf0c156\" data-element_type=\"section\" data-e-type=\"section\" data-settings=\"{&quot;background_background&quot;:&quot;classic&quot;}\">\n\t\t\t\t\t\t<div class=\"elementor-container elementor-column-gap-default\">\n\t\t\t\t\t<div class=\"elementor-column elementor-col-100 elementor-top-column elementor-element elementor-element-ab595f0\" data-id=\"ab595f0\" data-element_type=\"column\" data-e-type=\"column\">\n\t\t\t<div class=\"elementor-widget-wrap elementor-element-populated\">\n\t\t\t\t\t\t<div class=\"elementor-element elementor-element-03e235a elementor-widget elementor-widget-global elementor-global-1802 elementor-widget-lourujohkuelementor_product_listing\" data-id=\"03e235a\" data-element_type=\"widget\" data-e-type=\"widget\" data-widget_type=\"lourujohkuelementor_product_listing.default\">\n\t\t\t\t<div class=\"elementor-widget-container\">\n\t\t\t\t\t<div class=\"lje-container\" style=\"display: grid; justify-content: center;\"><div class=\"lje-product\"><a href=\"https:\/\/metsakolo.fi\/en\/tuote\/?johku_product=36\"><img decoding=\"async\" class=\"elementor-animation-\"\" src=\"https:\/\/www.johku.com\/lapinmetsalainen\/mediumfiles\/161.jpg\" alt=\"Product image\"><\/a><h2 class=\"lje-product-title\" data-no-translation=\"\">Net fishing with a local fisherman<\/h2><div class=\"lje-product-summary\" data-no-translation=\"\"> 95 \u20ac \/ 3 hours<\/div><div class=\"lje-product-button-wrapper\" href=\"#\"><a href=\"https:\/\/metsakolo.fi\/en\/tuote\/?johku_product=36\" class=\"lje-product-button\">Read more and book!<\/a><\/div><p class=\"lje-product-description\" data-no-translation=\"\">A great opportunity to join a fisherman to catch common whitefish, pike or vendace with a net. &nbsp;<\/p><\/div><div class=\"lje-product\"><a href=\"https:\/\/metsakolo.fi\/en\/tuote\/?johku_product=18\"><img decoding=\"async\" class=\"elementor-animation-\"\" src=\"https:\/\/www.johku.com\/lapinmetsalainen\/mediumfiles\/160.jpg\" alt=\"Product image\"><\/a><h2 class=\"lje-product-title\" data-no-translation=\"\">SUP-lauta<\/h2><div class=\"lje-product-summary\" data-no-translation=\"\"> 45 \u20ac \/ 3 hours<\/div><div class=\"lje-product-button-wrapper\" href=\"#\"><a href=\"https:\/\/metsakolo.fi\/en\/tuote\/?johku_product=18\" class=\"lje-product-button\">Read more and book!<\/a><\/div><p class=\"lje-product-description\" data-no-translation=\"\">Our large SUP board offers joy to the whole family in terms of paddling and playing&nbsp;- starting from the shore in front of the cottage.<\/p><\/div><div class=\"lje-product\"><a href=\"https:\/\/metsakolo.fi\/en\/tuote\/?johku_product=26\"><img decoding=\"async\" class=\"elementor-animation-\"\" src=\"https:\/\/www.johku.com\/lapinmetsalainen\/mediumfiles\/223.jpg\" alt=\"Product image\"><\/a><h2 class=\"lje-product-title\" data-no-translation=\"\">Guided tour<\/h2><div class=\"lje-product-summary\" data-no-translation=\"\">starts from 130 \u20ac \/ 2 hours<\/div><div class=\"lje-product-button-wrapper\" href=\"#\"><a href=\"https:\/\/metsakolo.fi\/en\/tuote\/?johku_product=26\" class=\"lje-product-button\">Read more and book!<\/a><\/div><p class=\"lje-product-description\" data-no-translation=\"\">Join a local guide with qualification in nature-based services (wild herbs, mushroom, berries) in a guided nature excursion (2-3 hours).<\/p><\/div><\/div>\t\t\t\t<\/div>\n\t\t\t\t<\/div>\n\t\t\t\t<div class=\"elementor-element elementor-element-c968c37 elementor-align-center elementor-tablet-align-center elementor-widget elementor-widget-global elementor-global-1877 elementor-widget-button\" data-id=\"c968c37\" data-element_type=\"widget\" data-e-type=\"widget\" data-widget_type=\"button.default\">\n\t\t\t\t<div class=\"elementor-widget-container\">\n\t\t\t\t\t\t\t\t\t<div class=\"elementor-button-wrapper\">\n\t\t\t\t\t<a class=\"elementor-button elementor-button-link elementor-size-sm\" href=\"https:\/\/metsakolo.fi\/en\/tekeminen\/\">\n\t\t\t\t\t\t<span class=\"elementor-button-content-wrapper\">\n\t\t\t\t\t\t\t\t\t<span class=\"elementor-button-text\">Tutustu el\u00e4myksiin<\/span>\n\t\t\t\t\t<\/span>\n\t\t\t\t\t<\/a>\n\t\t\t\t<\/div>\n\t\t\t\t\t\t\t\t<\/div>\n\t\t\t\t<\/div>\n\t\t\t\t\t<\/div>\n\t\t<\/div>\n\t\t\t\t\t<\/div>\n\t\t<\/section>\n\t\t\t\t<\/div>","protected":false},"excerpt":{"rendered":"<p>Tee varaus Varausehdot Kanootti Simoj\u00e4rvell\u00e4 alkaen 95 \u20ac \/ 4 tuntiaTutustu ja varaa Saarij\u00e4rve\u00e4 suurempi Simoj\u00e4rvi (14 km Mets\u00e4 Kolosta)&nbsp;soveltuu erinomaisesti vesiretkeilyyn. Opastettu retki alkaen 120 \u20ac \/ 2 tuntiaTutustu ja varaa L\u00e4hde koulutetun&nbsp;paikallisen luonnontuoteneuvojan (yrtti-, marja- ja sienineuvoja) ja er\u00e4oppaan matkaan luontoon opastetulle 2-3 h&nbsp;retkelle.&nbsp; Simoj\u00e4rven retki 75 \u20ac \/ 4 tuntiaTutustu ja varaa [&hellip;]<\/p>\n","protected":false},"author":1,"featured_media":0,"parent":0,"menu_order":0,"comment_status":"closed","ping_status":"closed","template":"elementor_header_footer","meta":{"inline_featured_image":false,"footnotes":""},"class_list":["post-496","page","type-page","status-publish","hentry"],"_links":{"self":[{"href":"https:\/\/metsakolo.fi\/en\/wp-json\/wp\/v2\/pages\/496","targetHints":{"allow":["GET"]}}],"collection":[{"href":"https:\/\/metsakolo.fi\/en\/wp-json\/wp\/v2\/pages"}],"about":[{"href":"https:\/\/metsakolo.fi\/en\/wp-json\/wp\/v2\/types\/page"}],"author":[{"embeddable":true,"href":"https:\/\/metsakolo.fi\/en\/wp-json\/wp\/v2\/users\/1"}],"replies":[{"embeddable":true,"href":"https:\/\/metsakolo.fi\/en\/wp-json\/wp\/v2\/comments?post=496"}],"version-history":[{"count":365,"href":"https:\/\/metsakolo.fi\/en\/wp-json\/wp\/v2\/pages\/496\/revisions"}],"predecessor-version":[{"id":5687,"href":"https:\/\/metsakolo.fi\/en\/wp-json\/wp\/v2\/pages\/496\/revisions\/5687"}],"wp:attachment":[{"href":"https:\/\/metsakolo.fi\/en\/wp-json\/wp\/v2\/media?parent=496"}],"curies":[{"name":"wp","href":"https:\/\/api.w.org\/{rel}","templated":true}]}}