{"id":2294,"date":"2021-06-20T10:22:55","date_gmt":"2021-06-20T10:22:55","guid":{"rendered":"https:\/\/metsakolo.fi\/?page_id=2294"},"modified":"2022-02-17T13:48:17","modified_gmt":"2022-02-17T11:48:17","slug":"varausehdot","status":"publish","type":"page","link":"https:\/\/metsakolo.fi\/en\/booking-terms\/","title":{"rendered":"Terms of booking"},"content":{"rendered":"<div data-elementor-type=\"wp-page\" data-elementor-id=\"2294\" class=\"elementor elementor-2294\" data-elementor-post-type=\"page\">\n\t\t\t\t\t\t<section data-particle_enable=\"false\" data-particle-mobile-disabled=\"false\" class=\"elementor-section elementor-top-section elementor-element elementor-element-b583c27 elementor-section-boxed elementor-section-height-default elementor-section-height-default\" data-id=\"b583c27\" data-element_type=\"section\" data-e-type=\"section\" data-settings=\"{&quot;background_background&quot;:&quot;classic&quot;}\">\n\t\t\t\t\t\t<div class=\"elementor-container elementor-column-gap-default\">\n\t\t\t\t\t<div class=\"elementor-column elementor-col-100 elementor-top-column elementor-element elementor-element-96f08a2\" data-id=\"96f08a2\" data-element_type=\"column\" data-e-type=\"column\">\n\t\t\t<div class=\"elementor-widget-wrap elementor-element-populated\">\n\t\t\t\t\t\t<div class=\"elementor-element elementor-element-eebb779 elementor-widget elementor-widget-heading\" data-id=\"eebb779\" data-element_type=\"widget\" data-e-type=\"widget\" data-widget_type=\"heading.default\">\n\t\t\t\t<div class=\"elementor-widget-container\">\n\t\t\t\t\t<h2 class=\"elementor-heading-title elementor-size-default\">Terms of booking<\/h2>\t\t\t\t<\/div>\n\t\t\t\t<\/div>\n\t\t\t\t\t<\/div>\n\t\t<\/div>\n\t\t\t\t\t<\/div>\n\t\t<\/section>\n\t\t\t\t<section data-particle_enable=\"false\" data-particle-mobile-disabled=\"false\" class=\"elementor-section elementor-top-section elementor-element elementor-element-4db2c21 elementor-section-boxed elementor-section-height-default elementor-section-height-default elementor-invisible\" data-id=\"4db2c21\" data-element_type=\"section\" data-e-type=\"section\" data-settings=\"{&quot;background_background&quot;:&quot;classic&quot;,&quot;animation&quot;:&quot;slideInUp&quot;}\">\n\t\t\t\t\t\t<div class=\"elementor-container elementor-column-gap-default\">\n\t\t\t\t\t<div class=\"elementor-column elementor-col-100 elementor-top-column elementor-element elementor-element-62db7f0\" data-id=\"62db7f0\" data-element_type=\"column\" data-e-type=\"column\">\n\t\t\t<div class=\"elementor-widget-wrap elementor-element-populated\">\n\t\t\t\t\t\t<div class=\"elementor-element elementor-element-8e5d2b0 elementor-widget elementor-widget-text-editor\" data-id=\"8e5d2b0\" data-element_type=\"widget\" data-e-type=\"widget\" data-widget_type=\"text-editor.default\">\n\t\t\t\t<div class=\"elementor-widget-container\">\n\t\t\t\t\t\t\t\t\t<blockquote style=\"font-family: Helvetica; font-size: 12px; font-style: normal; font-variant-caps: normal; font-weight: normal; letter-spacing: normal; orphans: auto; text-align: start; text-indent: 0px; text-transform: none; white-space: normal; widows: auto; word-spacing: 0px; -webkit-text-size-adjust: auto; -webkit-text-stroke-width: 0px; text-decoration: none;\"><div><div style=\"font-style: normal; font-variant-caps: normal; font-weight: normal; letter-spacing: normal; text-align: start; text-indent: 0px; text-transform: none; white-space: normal; word-spacing: 0px; -webkit-text-stroke-width: 0px; text-decoration: none; font-family: Calibri, Arial, Helvetica, sans-serif; font-size: 12pt;\"><h1 style=\"caret-color: #000000;\">Terms of trade<\/h1><h2 style=\"caret-color: #000000;\">The parties<\/h2><h3 style=\"caret-color: #000000;\">Service provider<\/h3><div style=\"margin-top: 0px; margin-bottom: 0px; caret-color: #000000;\"><strong>Lapin Mets\u00e4l\u00e4inen Oy<\/strong><br \/>Mets\u00e4kolontie, 97760 Saariharju<br \/>+358 45 2 309 309<br \/><a href=\"mailto:alexandra@lapinmetsalainen.fi\">alexandra@lapinmetsalainen.fi<\/a><br \/>Business ID 3087468-1<\/div><h3 style=\"caret-color: #000000;\"><span style=\"color: inherit; font-family: inherit; font-size: 1.75rem;\">Customer<\/span><\/h3><div style=\"margin-top: 0px; margin-bottom: 0px; caret-color: #000000;\">The customer undertakes to comply with these and merchant-specific terms when purchasing products and services in Lapin Mets\u00e4l\u00e4inen Oy&#039;s Internet services.<\/div><h2 style=\"caret-color: #000000;\"><span style=\"color: inherit; font-family: inherit; font-size: 2rem;\">Ordering<\/span><\/h2><h3 style=\"caret-color: #000000;\">General conditions<\/h3><ul style=\"caret-color: #000000;\"><li>The prices presented in the online service are subject to VAT.<\/li><li>We apply dynamic pricing in accommodation. Prices are time-dependent and vary on a monthly, weekly and daily basis.<\/li><li>We sell services to adult individuals as well as corporate customers.<\/li><li>We reserve the right to change prices.<\/li><li>The customer is responsible for the accuracy of the information provided.<\/li><li>We reserve the right to change our delivery terms. Before ordering, the customer must familiarize himself with the delivery terms in force at the time.<\/li><\/ul><h3 style=\"caret-color: #000000;\">Terms of booking<\/h3><div style=\"margin-top: 0px; margin-bottom: 0px; caret-color: #000000;\">These terms apply to products and services that you rent and book. These are collectively referred to as the \u201citem\u201d.<\/div><div style=\"margin-top: 0px; margin-bottom: 0px; caret-color: #000000;\"><strong>Booking<\/strong><\/div><ul style=\"caret-color: #000000;\"><li>The customer is responsible for reading the description and instructions of the booking item(s) and the terms of booking.<\/li><li>The booking made by the customer is binding once the order \/ payment confirmation has been sent to the e-mail address provided by the customer.<\/li><li>The Service provider is not responsible for a failed booking but the customer must contact the Service Provider immediately to rectify the situation.<\/li><li>The Service Provider does not guarantee the vacancy of the item in such a case.<\/li><li>Should the item not be vacant, the money will be returned or, if possible, another item will be offered to replace it.<\/li><\/ul><div style=\"margin-top: 0px; margin-bottom: 0px; caret-color: #000000;\"><strong>Cancellations and changes<\/strong><\/div><ul style=\"caret-color: #000000;\"><li><div style=\"margin-top: 0px; margin-bottom: 0px;\">The cancellation date is the day on which the Service provider is notified of the cancellation.<\/div><\/li><li>The customer is responsible for ensuring that the cancellation is sent early enough.<\/li><li>If the customer cancels his or her reservation<ul><li>30 days prior to the arrival at the latest, he or she will be charged 50% of the value of his or her whole reservation.<\/li><li>less than 30 days prior to the arrival, the cancellation fee is 100%, in case the item can not be resold.<\/li><li>Items booked with a discount code are always charged the full rental price, regardless of the time of cancellation.<\/li><li style=\"font-size: 16px;\">The service fee for changes is 35 \u20ac (incl. VAT), to be agreed separately.<\/li><li style=\"font-size: 16px;\">If a transferred reservation is canceled, the full rental price will always be charged, regardless of the time of cancellation.<\/li><\/ul><\/li><\/ul><div style=\"margin-top: 0px; margin-bottom: 0px; caret-color: #000000;\"><strong>Right of Service provider to cancel the booking<\/strong><\/div><ul style=\"caret-color: #000000;\"><li><div style=\"margin-top: 0px; margin-bottom: 0px;\">The Service provider reserves the right to terminate the lease due to force majeure. The customer who has rented the property will be notified of the termination without delay.<\/div><\/li><li>In such cases the rent will be reimbursed to the customer in full.<\/li><li>Expenses caused by the lease terminated due to force majeure will not be reimbursed to the customer.<\/li><li>In extreme cases the Service provider can also cancel a booking. The customer is notified of such cases without delay.<\/li><\/ul><div style=\"margin-top: 0px; margin-bottom: 0px; caret-color: #000000;\"><strong>The keys<\/strong><\/div><ul style=\"caret-color: #000000;\"><li>In the payment confirmation, the customer is provided with instructions on the key and the key pickup.<\/li><li>However, the owner is entitled to charge the serialisation or replacement of locks for a lost or non-returned key on full cost recovery basis, with a minimum of EUR 50.<\/li><li>The Service provider has the right to charge a compensation of a minimum of 25 \u20ac if he or she has to open the item due to a lost key or a key that has been left inside the building.<\/li><\/ul><div style=\"margin-top: 0px; margin-bottom: 0px; caret-color: #000000;\"><strong>Use of the item<\/strong><\/div><ul style=\"caret-color: #000000;\"><li>The definition of the item is available in the item description.<\/li><li>During the rental period, the customer has the right to use the item with its equipment as well as separately defined services.<\/li><li>If the booker notices any deficiencies or has any other points about the item, he must immediately inform the person in charge of booking management.<\/li><li>The customer is responsible for the tidiness of the item and the removal of waste during and after the rental period.<\/li><li>The item is at the disposal of the customer during the period specified in the item description.<\/li><li>Pets<ul><li>The booker is fully responsible and liable for any damage caused by his or her pets.<\/li><li>Pets must be kept tethered.<\/li><li>Pet owners should pay special attention to the tidiness of the property. The accommodation is always checked after visiting pets and cleaned by the Service provider, if necessary.<\/li><li>Accommodation options that welcome pets are always marked separately.<\/li><li>The pet owner should also follow any specific further instructions provided separately.<\/li><\/ul><\/li><li>Special conditions for rental equipment<ul><li>The customer must read the safety and operating instructions for the equipment. The equipment should be used carefully and for its normal use only. The tenant undertakes to carry out a security inspection during the rental period. Rental equipment may not be exported or subleased. Rental equipment may only be used to the extent permitted by the terms and conditions and only in locations suitable for the user's skill level and competence. The customer always uses all equipment and accessories at his own risk.<\/li><li>With regard to water camping equipment (eg canoes, kayaks, SUP boards and rowing boats), the customer affirms that he is proficient in swimming and has previous experience in using the equipment in question.<\/li><li>The customer must return the equipment immediately at the end of the rental period to the agreed location, cleaned and otherwise in the same condition as it was when the equipment was handed over. The lessee must immediately notify the lessor if the return is delayed. The lessor has the right to charge an increased rent of 5% for the excess period, unless otherwise agreed.<\/li><li>The customer is obliged to compensate  for damages to the rental equipment as well as costs caused by negligent or incorrect handling and inadequate maintenance during the rental period. The customer is obliged to replace the equipment destroyed or lost during the rental period with its new acquisition value. The customer is responsible for compliance with transport, safety and other regulations. The customer is obliged to notify the lessor immediately of any defective equipment.<\/li><li>The lessor is responsible for repairs caused by normal wear and tear of the equipment. The lessor shall not be liable for any direct or indirect costs or damages that may be incurred by the lessee as a result of the use or breakdown of the equipment. The lessor does not undertake to replace the broken rented equipment with new one, nor to reimburse any direct or indirect costs incurred as a result of the interruption of work.<\/li><\/ul><\/li><\/ul><div style=\"margin-top: 0px; margin-bottom: 0px; caret-color: #000000;\"><strong>Damages<\/strong><\/div><ul style=\"caret-color: #000000;\"><li><div style=\"margin-top: 0px; margin-bottom: 0px;\">The Customer is obliged to compensate the Service provider for the damage he or she has caused to the item. The booker is also responsible for other people visiting the property and for any damage caused by them during the booking.<\/div><\/li><li>The Service provider will not reimburse the Customer for any inconvenience or expense that may be incurred as a result of natural conditions such as insects, animals, frost damaged roads or unexpected weather changes.<\/li><\/ul><div style=\"margin-top: 0px; margin-bottom: 0px; caret-color: #000000;\"><strong>Insurances<\/strong><\/div><div><span style=\"font-weight: 400;\">We recommend that our customers should obtain a travel insurance. <\/span><\/div><\/div><\/div><div>\u00a0<\/div><\/blockquote><blockquote style=\"font-family: Helvetica; font-size: 12px; font-style: normal; font-variant-caps: normal; font-weight: normal; letter-spacing: normal; orphans: auto; text-align: start; text-indent: 0px; text-transform: none; white-space: normal; widows: auto; word-spacing: 0px; -webkit-text-size-adjust: auto; -webkit-text-stroke-width: 0px; text-decoration: none;\"><div><div style=\"font-style: normal; font-variant-caps: normal; font-weight: normal; letter-spacing: normal; text-align: start; text-indent: 0px; text-transform: none; white-space: normal; word-spacing: 0px; -webkit-text-stroke-width: 0px; text-decoration: none; font-family: Calibri, Arial, Helvetica, sans-serif; font-size: 12pt;\"><div style=\"margin-top: 0px; margin-bottom: 0px; caret-color: #000000;\"><strong>Complaints<\/strong><\/div><ul style=\"caret-color: #000000;\"><li><strong>Any complaints must always be made on the spot as soon as possible after the issue has arisen, so that the matter can be rectified immediately. Telephone number .\u00a0<\/strong>+358 45 2 309 309.<\/li><li>If the matter is not resolved satisfactorily or there is a claim for compensation, the complaint must be sent in writing within 14 days of the end of the rental period.<\/li><li>However, the Service provider will endeavor to process the complaint as soon as possible, but within a maximum of one month.<\/li><li>If the customer and the Service provider do not reach an agreement, the customer may refer the dispute to the Consumer Disputes Board or the District Court of Lapland.<\/li><\/ul><h3 style=\"caret-color: #000000;\"><span style=\"color: inherit; font-family: inherit; font-size: 1.75rem;\">Product warranty<\/span><\/h3><ul style=\"caret-color: #000000;\"><li>We do our best and are ready to evolve. We appreciate your constructive feedback.<\/li><\/ul><div style=\"margin-top: 0px; margin-bottom: 0px; caret-color: #000000;\">Terms of payment<\/div><ul style=\"caret-color: #000000;\"><li>The Service provider uses reliable and secure payment intermediation quarters in its services.<\/li><li>The Service provider does not store bank contact or credit card information at any time.<\/li><li>The customer undertakes to comply with the terms and conditions of the chosen payment method.<\/li><li>Payment by invoice<ul><li>The invoice must be paid by the due date indicated on the invoice.<\/li><li>Delay charges are always added to invoices paid after the due date. If the invoice has been paid after the due date with the original invoice and the delay costs have already been incurred, the costs will be invoiced separately.<\/li><\/ul><\/li><li>If the payment transaction has not been successfully completed at the time of ordering, the Service provider will not process the order.<\/li><\/ul><\/div><\/div><\/blockquote>\t\t\t\t\t\t\t\t<\/div>\n\t\t\t\t<\/div>\n\t\t\t\t\t<\/div>\n\t\t<\/div>\n\t\t\t\t\t<\/div>\n\t\t<\/section>\n\t\t\t\t<\/div>","protected":false},"excerpt":{"rendered":"<p>Varausehdot Kaupan ehdot Osapuolet Kauppias Lapin Mets\u00e4l\u00e4inen Oy Mets\u00e4kolontie, 97760 Saariharju +358 45 2 309 309 alexandra@lapinmetsalainen.fi Y-tunnus&nbsp;3087468-1 Asiakas Asiakas sitoutuu noudattamaan n\u00e4it\u00e4 sek\u00e4 kauppiaskohtaisia ehtoja ostaessaan tuotteita ja palveluja Lapin Mets\u00e4l\u00e4inen Oy&nbsp;Internet-palveluissa. Tilaaminen Yleiset ehdot Verkkopalvelussa esitetyt hinnat ovat arvonlis\u00e4verollisia. Sovellamme majoituskohteissa dynaamista hinnoittelua. Hinnat ovat riippuvaisia ajankohdasta ja vaihtelevat kuukausittain, viikoittan ja p\u00e4ivitt\u00e4in. [&hellip;]<\/p>\n","protected":false},"author":1,"featured_media":0,"parent":0,"menu_order":0,"comment_status":"closed","ping_status":"closed","template":"elementor_header_footer","meta":{"inline_featured_image":false,"footnotes":""},"class_list":["post-2294","page","type-page","status-publish","hentry"],"_links":{"self":[{"href":"https:\/\/metsakolo.fi\/en\/wp-json\/wp\/v2\/pages\/2294","targetHints":{"allow":["GET"]}}],"collection":[{"href":"https:\/\/metsakolo.fi\/en\/wp-json\/wp\/v2\/pages"}],"about":[{"href":"https:\/\/metsakolo.fi\/en\/wp-json\/wp\/v2\/types\/page"}],"author":[{"embeddable":true,"href":"https:\/\/metsakolo.fi\/en\/wp-json\/wp\/v2\/users\/1"}],"replies":[{"embeddable":true,"href":"https:\/\/metsakolo.fi\/en\/wp-json\/wp\/v2\/comments?post=2294"}],"version-history":[{"count":63,"href":"https:\/\/metsakolo.fi\/en\/wp-json\/wp\/v2\/pages\/2294\/revisions"}],"predecessor-version":[{"id":4759,"href":"https:\/\/metsakolo.fi\/en\/wp-json\/wp\/v2\/pages\/2294\/revisions\/4759"}],"wp:attachment":[{"href":"https:\/\/metsakolo.fi\/en\/wp-json\/wp\/v2\/media?parent=2294"}],"curies":[{"name":"wp","href":"https:\/\/api.w.org\/{rel}","templated":true}]}}