{"id":950,"date":"2021-10-07T06:48:00","date_gmt":"2021-10-07T03:48:00","guid":{"rendered":"http:\/\/31.217.192.73\/~metsakol\/?page_id=950"},"modified":"2025-05-13T16:59:45","modified_gmt":"2025-05-13T13:59:45","slug":"vastuullisuus","status":"publish","type":"page","link":"https:\/\/metsakolo.fi\/de\/vastuullisuus\/","title":{"rendered":"Naturcleverness"},"content":{"rendered":"<div data-elementor-type=\"wp-page\" data-elementor-id=\"950\" class=\"elementor elementor-950\" data-elementor-post-type=\"page\">\n\t\t\t\t\t\t<section data-particle_enable=\"false\" data-particle-mobile-disabled=\"false\" class=\"elementor-section elementor-top-section elementor-element elementor-element-b583c27 elementor-section-height-min-height elementor-section-content-middle elementor-section-full_width elementor-section-height-default elementor-section-items-middle\" data-id=\"b583c27\" data-element_type=\"section\" data-e-type=\"section\" data-settings=\"{&quot;background_background&quot;:&quot;classic&quot;}\">\n\t\t\t\t\t\t<div class=\"elementor-container elementor-column-gap-default\">\n\t\t\t\t\t<div class=\"elementor-column elementor-col-100 elementor-top-column elementor-element elementor-element-96f08a2\" data-id=\"96f08a2\" data-element_type=\"column\" data-e-type=\"column\">\n\t\t\t<div class=\"elementor-widget-wrap elementor-element-populated\">\n\t\t\t\t\t\t<div class=\"elementor-element elementor-element-eebb779 elementor-widget elementor-widget-heading\" data-id=\"eebb779\" data-element_type=\"widget\" data-e-type=\"widget\" data-widget_type=\"heading.default\">\n\t\t\t\t<div class=\"elementor-widget-container\">\n\t\t\t\t\t<h2 class=\"elementor-heading-title elementor-size-default\">LUONTO\u00c4LY<\/h2>\t\t\t\t<\/div>\n\t\t\t\t<\/div>\n\t\t\t\t\t<\/div>\n\t\t<\/div>\n\t\t\t\t\t<\/div>\n\t\t<\/section>\n\t\t\t\t<section data-particle_enable=\"false\" data-particle-mobile-disabled=\"false\" class=\"elementor-section elementor-top-section elementor-element elementor-element-4db2c21 elementor-section-boxed elementor-section-height-default elementor-section-height-default elementor-invisible\" data-id=\"4db2c21\" data-element_type=\"section\" data-e-type=\"section\" data-settings=\"{&quot;background_background&quot;:&quot;classic&quot;,&quot;animation&quot;:&quot;slideInUp&quot;}\">\n\t\t\t\t\t\t<div class=\"elementor-container elementor-column-gap-default\">\n\t\t\t\t\t<div class=\"elementor-column elementor-col-100 elementor-top-column elementor-element elementor-element-62db7f0\" data-id=\"62db7f0\" data-element_type=\"column\" data-e-type=\"column\">\n\t\t\t<div class=\"elementor-widget-wrap elementor-element-populated\">\n\t\t\t\t\t\t<div class=\"elementor-element elementor-element-84bf715 elementor-widget elementor-widget-heading\" data-id=\"84bf715\" data-element_type=\"widget\" data-e-type=\"widget\" data-widget_type=\"heading.default\">\n\t\t\t\t<div class=\"elementor-widget-container\">\n\t\t\t\t\t<h2 class=\"elementor-heading-title elementor-size-default\">Mets\u00e4 Kolossa opitaan luonnosta<\/h2>\t\t\t\t<\/div>\n\t\t\t\t<\/div>\n\t\t\t\t<div class=\"elementor-element elementor-element-899a265 elementor-widget elementor-widget-text-editor\" data-id=\"899a265\" data-element_type=\"widget\" data-e-type=\"widget\" data-widget_type=\"text-editor.default\">\n\t\t\t\t<div class=\"elementor-widget-container\">\n\t\t\t\t\t\t\t\t\t<p>Yrityksen arvoina ja perusajatuksena ovat luonnonl\u00e4heisyys ja halu oppia luonnosta.\u00a0<\/p><p>Suosimme materiaaleissamme laadukkaita, kotimaisia vaihtoehtoja. Olemme panostaneet liinavaatteissa, vuoteissa ja vuodevaatteissa muhkeisiin luonnonmateriaaleihin. Saunassa tarjoamme k\u00e4ytt\u00f6\u00f6si Mets\u00e4 Kolon luomusaippuan. Kaikki k\u00e4ytt\u00e4m\u00e4mme puhdistus- ja pesuaineet ovat mahdollisimman ymp\u00e4rist\u00f6yst\u00e4v\u00e4llisi\u00e4.<\/p><p>Ruokap\u00f6yd\u00e4ss\u00e4 suosimme luonnonantimia, l\u00e4hell\u00e4 tuotettua sek\u00e4 luomuravintoa. Raikas juomavetemme on aitoa pohjavett\u00e4, jota saamme omasta kaivostamme. Olemme ylpeit\u00e4 puhtaasta luonnonvedest\u00e4mme.<\/p><p>Mets\u00e4tilamme kompensoi vieraidemme matkustamisesta aiheutuneet p\u00e4\u00e4st\u00f6t. Kerromme mielell\u00e4mme lis\u00e4\u00e4 meid\u00e4n tavasta `hoitaa mets\u00e4\u00e4\u00b4. Kierr\u00e4t\u00e4mme j\u00e4tteet (paperin, pahvin, lasin, metallin sek\u00e4 muovin) ja kompostoimme bioj\u00e4tteet. Kamiinat ja sauna l\u00e4mpenev\u00e4t oman mets\u00e4n puulla. Varmistamme kaikessa toiminnassamme, ett\u00e4 ymp\u00e4rist\u00f6mme s\u00e4ilyy puhtaana my\u00f6s seuraaville sukupolville ja ett\u00e4 kuvankauniilla Saariharjulla on mukava el\u00e4\u00e4 ja vierailla nyt ja tulevaisuudessa.<\/p><p><a href=\"https:\/\/www.businessfinland.fi\/en\/do-business-with-finland\/visit-finland\/sustainable-travel-finland-label\" target=\"_blank\" rel=\"noopener\">Die von Visit Finland erstellten Grunds\u00e4tze f\u00fcr nachhaltigen Tourismus,<\/a> sind in unserem Betriebsumfeld verankert.<\/p>\t\t\t\t\t\t\t\t<\/div>\n\t\t\t\t<\/div>\n\t\t\t\t\t<\/div>\n\t\t<\/div>\n\t\t\t\t\t<\/div>\n\t\t<\/section>\n\t\t\t\t<section data-particle_enable=\"false\" data-particle-mobile-disabled=\"false\" class=\"elementor-section elementor-top-section elementor-element elementor-element-0347ba9 elementor-section-boxed elementor-section-height-default elementor-section-height-default\" data-id=\"0347ba9\" data-element_type=\"section\" data-e-type=\"section\">\n\t\t\t\t\t\t<div class=\"elementor-container elementor-column-gap-default\">\n\t\t\t\t\t<div class=\"elementor-column elementor-col-50 elementor-top-column elementor-element elementor-element-fce07a0\" data-id=\"fce07a0\" data-element_type=\"column\" data-e-type=\"column\">\n\t\t\t<div class=\"elementor-widget-wrap elementor-element-populated\">\n\t\t\t\t\t\t<div class=\"elementor-element elementor-element-8a17420 elementor-widget elementor-widget-text-editor\" data-id=\"8a17420\" data-element_type=\"widget\" data-e-type=\"widget\" data-widget_type=\"text-editor.default\">\n\t\t\t\t<div class=\"elementor-widget-container\">\n\t\t\t\t\t\t\t\t\t<p>Mets\u00e4 Kololle my\u00f6nnettiin STF-merkki vuosina 2024, 2023, 2022 sek\u00e4 2021. Kest\u00e4v\u00e4n matkailun tunnus my\u00f6nnettiin <span style=\"text-decoration: underline;\">ilman<\/span> monimutkaisia sek\u00e4 kalliita sertifikaatti hankintoja &#8211; <span style=\"text-decoration: underline;\">edell\u00e4k\u00e4vij\u00e4yritys statuksella<\/span>. <strong><em>HYV\u00c4 ME!!!<\/em><\/strong><\/p><p>Vuonna 2025 p\u00e4\u00e4timme poistua STF-ohjelmasta.<\/p><p>\u00a0<\/p><p>Ensimm\u00e4isen kerran Sustainable Travel Finland-tunnus my\u00f6nnettiin Mets\u00e4 Kololle joulukuussa 2021 <strong>edell\u00e4k\u00e4vij\u00e4yrityksen<\/strong> statuksella. Tunnus osoittaa, ett\u00e4 toimintamme ei ole ainoastaan vastuullista, ekologista ja kest\u00e4v\u00e4ll\u00e4 pohjalla, vaan olemme n\u00e4iss\u00e4 teemoissa my\u00f6s valtakunnallinen suunnann\u00e4ytt\u00e4j\u00e4 koko matkailualalla.<\/p>\t\t\t\t\t\t\t\t<\/div>\n\t\t\t\t<\/div>\n\t\t\t\t\t<\/div>\n\t\t<\/div>\n\t\t\t\t<div class=\"elementor-column elementor-col-50 elementor-top-column elementor-element elementor-element-4e682ef\" data-id=\"4e682ef\" data-element_type=\"column\" data-e-type=\"column\">\n\t\t\t<div class=\"elementor-widget-wrap elementor-element-populated\">\n\t\t\t\t\t\t<div class=\"elementor-element elementor-element-65a34fb elementor-widget elementor-widget-image\" data-id=\"65a34fb\" data-element_type=\"widget\" data-e-type=\"widget\" data-widget_type=\"image.default\">\n\t\t\t\t<div class=\"elementor-widget-container\">\n\t\t\t\t\t\t\t\t\t\t\t\t\t\t\t\t<a href=\"https:\/\/www.visitfinland.com\/sustainable-finland\/sustainable-travel-destinations\/\" target=\"_blank\" rel=\"noopener\">\n\t\t\t\t\t\t\t<img fetchpriority=\"high\" decoding=\"async\" width=\"200\" height=\"300\" src=\"https:\/\/metsakolo.fi\/wp-content\/uploads\/2025\/03\/0V5A2119-200x300.jpg\" class=\"attachment-medium size-medium wp-image-6243\" alt=\"\" srcset=\"https:\/\/metsakolo.fi\/wp-content\/uploads\/2025\/03\/0V5A2119-200x300.jpg 200w, https:\/\/metsakolo.fi\/wp-content\/uploads\/2025\/03\/0V5A2119-683x1024.jpg 683w, https:\/\/metsakolo.fi\/wp-content\/uploads\/2025\/03\/0V5A2119-scaled.jpg 1708w\" sizes=\"(max-width: 200px) 100vw, 200px\" \/>\t\t\t\t\t\t\t\t<\/a>\n\t\t\t\t\t\t\t\t\t\t\t\t\t\t\t<\/div>\n\t\t\t\t<\/div>\n\t\t\t\t\t<\/div>\n\t\t<\/div>\n\t\t\t\t\t<\/div>\n\t\t<\/section>\n\t\t\t\t<section data-particle_enable=\"false\" data-particle-mobile-disabled=\"false\" class=\"elementor-section elementor-top-section elementor-element elementor-element-6ac7e04 elementor-section-boxed elementor-section-height-default elementor-section-height-default\" data-id=\"6ac7e04\" data-element_type=\"section\" data-e-type=\"section\">\n\t\t\t\t\t\t<div class=\"elementor-container elementor-column-gap-default\">\n\t\t\t\t\t<div class=\"elementor-column elementor-col-50 elementor-top-column elementor-element elementor-element-9585894\" data-id=\"9585894\" data-element_type=\"column\" data-e-type=\"column\">\n\t\t\t<div class=\"elementor-widget-wrap elementor-element-populated\">\n\t\t\t\t\t\t\t<\/div>\n\t\t<\/div>\n\t\t\t\t<div class=\"elementor-column elementor-col-50 elementor-top-column elementor-element elementor-element-510ef2e\" data-id=\"510ef2e\" data-element_type=\"column\" data-e-type=\"column\">\n\t\t\t<div class=\"elementor-widget-wrap elementor-element-populated\">\n\t\t\t\t\t\t\t<\/div>\n\t\t<\/div>\n\t\t\t\t\t<\/div>\n\t\t<\/section>\n\t\t\t\t<section data-particle_enable=\"false\" data-particle-mobile-disabled=\"false\" class=\"elementor-section elementor-top-section elementor-element elementor-element-533fe87 elementor-section-boxed elementor-section-height-default elementor-section-height-default\" data-id=\"533fe87\" data-element_type=\"section\" data-e-type=\"section\">\n\t\t\t\t\t\t<div class=\"elementor-container elementor-column-gap-default\">\n\t\t\t\t\t<div class=\"elementor-column elementor-col-50 elementor-top-column elementor-element elementor-element-2efcaf7\" data-id=\"2efcaf7\" data-element_type=\"column\" data-e-type=\"column\">\n\t\t\t<div class=\"elementor-widget-wrap elementor-element-populated\">\n\t\t\t\t\t\t<div class=\"elementor-element elementor-element-ac50101 elementor-widget elementor-widget-text-editor\" data-id=\"ac50101\" data-element_type=\"widget\" data-e-type=\"widget\" data-widget_type=\"text-editor.default\">\n\t\t\t\t<div class=\"elementor-widget-container\">\n\t\t\t\t\t\t\t\t\t<p>Die Eigent\u00fcmerin von Mets\u00e4 Kolo hat einen Teil ihres Waldst\u00fcckes sch\u00fctzen lassen. Gerne nehmen wir unsere werten G\u00e4ste mit auf eine Tour in unseren W\u00e4lder, wo die Waldbewohner sich wohlf\u00fchlen und der Vielfalt gl\u00fccklich macht.\n Wir sind offen f\u00fcr Vorschl\u00e4ge und W\u00fcnsche was das Bewegen in Wald betrifft.\u00a0<\/p>\t\t\t\t\t\t\t\t<\/div>\n\t\t\t\t<\/div>\n\t\t\t\t\t<\/div>\n\t\t<\/div>\n\t\t\t\t<div class=\"elementor-column elementor-col-50 elementor-top-column elementor-element elementor-element-3f4fef8\" data-id=\"3f4fef8\" data-element_type=\"column\" data-e-type=\"column\">\n\t\t\t<div class=\"elementor-widget-wrap elementor-element-populated\">\n\t\t\t\t\t\t<div class=\"elementor-element elementor-element-cf90a0c elementor-widget elementor-widget-image\" data-id=\"cf90a0c\" data-element_type=\"widget\" data-e-type=\"widget\" data-widget_type=\"image.default\">\n\t\t\t\t<div class=\"elementor-widget-container\">\n\t\t\t\t\t\t\t\t\t\t\t\t\t\t\t<img decoding=\"async\" width=\"225\" height=\"300\" src=\"https:\/\/metsakolo.fi\/wp-content\/uploads\/2022\/01\/D5E0BF72-7521-4A22-A56F-154682753EF2-225x300.jpeg\" class=\"attachment-medium size-medium wp-image-4375\" alt=\"\" srcset=\"https:\/\/metsakolo.fi\/wp-content\/uploads\/2022\/01\/D5E0BF72-7521-4A22-A56F-154682753EF2-225x300.jpeg 225w, https:\/\/metsakolo.fi\/wp-content\/uploads\/2022\/01\/D5E0BF72-7521-4A22-A56F-154682753EF2-768x1024.jpeg 768w, https:\/\/metsakolo.fi\/wp-content\/uploads\/2022\/01\/D5E0BF72-7521-4A22-A56F-154682753EF2-1152x1536.jpeg 1152w, https:\/\/metsakolo.fi\/wp-content\/uploads\/2022\/01\/D5E0BF72-7521-4A22-A56F-154682753EF2-1536x2048.jpeg 1536w, https:\/\/metsakolo.fi\/wp-content\/uploads\/2022\/01\/D5E0BF72-7521-4A22-A56F-154682753EF2-9x12.jpeg 9w, https:\/\/metsakolo.fi\/wp-content\/uploads\/2022\/01\/D5E0BF72-7521-4A22-A56F-154682753EF2-scaled.jpeg 1920w\" sizes=\"(max-width: 225px) 100vw, 225px\" \/>\t\t\t\t\t\t\t\t\t\t\t\t\t\t\t<\/div>\n\t\t\t\t<\/div>\n\t\t\t\t\t<\/div>\n\t\t<\/div>\n\t\t\t\t\t<\/div>\n\t\t<\/section>\n\t\t\t\t<section data-particle_enable=\"false\" data-particle-mobile-disabled=\"false\" class=\"elementor-section elementor-top-section elementor-element elementor-element-4dc0956 elementor-section-boxed elementor-section-height-default elementor-section-height-default\" data-id=\"4dc0956\" data-element_type=\"section\" data-e-type=\"section\">\n\t\t\t\t\t\t<div class=\"elementor-container elementor-column-gap-default\">\n\t\t\t\t\t<div class=\"elementor-column elementor-col-100 elementor-top-column elementor-element elementor-element-9c689c0\" data-id=\"9c689c0\" data-element_type=\"column\" data-e-type=\"column\">\n\t\t\t<div class=\"elementor-widget-wrap\">\n\t\t\t\t\t\t\t<\/div>\n\t\t<\/div>\n\t\t\t\t\t<\/div>\n\t\t<\/section>\n\t\t\t\t<section data-particle_enable=\"false\" data-particle-mobile-disabled=\"false\" class=\"elementor-section elementor-top-section elementor-element elementor-element-d193784 elementor-section-boxed elementor-section-height-default elementor-section-height-default\" data-id=\"d193784\" data-element_type=\"section\" data-e-type=\"section\">\n\t\t\t\t\t\t<div class=\"elementor-container elementor-column-gap-default\">\n\t\t\t\t\t<div class=\"elementor-column elementor-col-100 elementor-top-column elementor-element elementor-element-82d215b\" data-id=\"82d215b\" data-element_type=\"column\" data-e-type=\"column\">\n\t\t\t<div class=\"elementor-widget-wrap elementor-element-populated\">\n\t\t\t\t\t\t<div class=\"elementor-element elementor-element-3ca7495 elementor-widget elementor-widget-video\" data-id=\"3ca7495\" data-element_type=\"widget\" data-e-type=\"widget\" data-settings=\"{&quot;youtube_url&quot;:&quot;https:\\\/\\\/www.youtube.com\\\/watch?v=9RAlybxw1gs&quot;,&quot;video_type&quot;:&quot;youtube&quot;,&quot;controls&quot;:&quot;yes&quot;}\" data-widget_type=\"video.default\">\n\t\t\t\t<div class=\"elementor-widget-container\">\n\t\t\t\t\t\t\t<div class=\"elementor-wrapper elementor-open-inline\">\n\t\t\t<div class=\"elementor-video\"><\/div>\t\t<\/div>\n\t\t\t\t\t\t<\/div>\n\t\t\t\t<\/div>\n\t\t\t\t\t<\/div>\n\t\t<\/div>\n\t\t\t\t\t<\/div>\n\t\t<\/section>\n\t\t\t\t<section data-particle_enable=\"false\" data-particle-mobile-disabled=\"false\" class=\"elementor-section elementor-top-section elementor-element elementor-element-96d25d2 elementor-section-boxed elementor-section-height-default elementor-section-height-default\" data-id=\"96d25d2\" data-element_type=\"section\" data-e-type=\"section\">\n\t\t\t\t\t\t<div class=\"elementor-container elementor-column-gap-default\">\n\t\t\t\t\t<div class=\"elementor-column elementor-col-100 elementor-top-column elementor-element elementor-element-4b73ac2\" data-id=\"4b73ac2\" data-element_type=\"column\" data-e-type=\"column\">\n\t\t\t<div class=\"elementor-widget-wrap elementor-element-populated\">\n\t\t\t\t\t\t<div class=\"elementor-element elementor-element-ca07fcb elementor-widget elementor-widget-text-editor\" data-id=\"ca07fcb\" data-element_type=\"widget\" data-e-type=\"widget\" data-widget_type=\"text-editor.default\">\n\t\t\t\t<div class=\"elementor-widget-container\">\n\t\t\t\t\t\t\t\t\t<p>Zur Unterzeichnung:<a href=\"https:\/\/www.visitfinland.com\/sustainable-finland-pledge\/\" target=\"_blank\" rel=\"noopener\">https:\/\/www.visitfinland.com\/de\/versprechen-fur-ein-nachhaltiges-finnland\/<\/a>.<\/p>\t\t\t\t\t\t\t\t<\/div>\n\t\t\t\t<\/div>\n\t\t\t\t\t<\/div>\n\t\t<\/div>\n\t\t\t\t\t<\/div>\n\t\t<\/section>\n\t\t\t\t<section data-particle_enable=\"false\" data-particle-mobile-disabled=\"false\" class=\"elementor-section elementor-top-section elementor-element elementor-element-f32f449 elementor-section-boxed elementor-section-height-default elementor-section-height-default\" data-id=\"f32f449\" data-element_type=\"section\" data-e-type=\"section\">\n\t\t\t\t\t\t<div class=\"elementor-container elementor-column-gap-default\">\n\t\t\t\t\t<div class=\"elementor-column elementor-col-100 elementor-top-column elementor-element elementor-element-12a649b\" data-id=\"12a649b\" data-element_type=\"column\" data-e-type=\"column\">\n\t\t\t<div class=\"elementor-widget-wrap elementor-element-populated\">\n\t\t\t\t\t\t<div class=\"elementor-element elementor-element-35ab22f elementor-view-default elementor-widget elementor-widget-icon\" data-id=\"35ab22f\" data-element_type=\"widget\" data-e-type=\"widget\" data-widget_type=\"icon.default\">\n\t\t\t\t<div class=\"elementor-widget-container\">\n\t\t\t\t\t\t\t<div class=\"elementor-icon-wrapper\">\n\t\t\t<div class=\"elementor-icon\">\n\t\t\t<i aria-hidden=\"true\" class=\"fas fa-star\"><\/i>\t\t\t<\/div>\n\t\t<\/div>\n\t\t\t\t\t\t<\/div>\n\t\t\t\t<\/div>\n\t\t\t\t\t<\/div>\n\t\t<\/div>\n\t\t\t\t\t<\/div>\n\t\t<\/section>\n\t\t\t\t<section data-particle_enable=\"false\" data-particle-mobile-disabled=\"false\" class=\"elementor-section elementor-top-section elementor-element elementor-element-97ebc66 elementor-section-boxed elementor-section-height-default elementor-section-height-default\" data-id=\"97ebc66\" data-element_type=\"section\" data-e-type=\"section\">\n\t\t\t\t\t\t<div class=\"elementor-container elementor-column-gap-default\">\n\t\t\t\t\t<div class=\"elementor-column elementor-col-100 elementor-top-column elementor-element elementor-element-5dd2dde\" data-id=\"5dd2dde\" data-element_type=\"column\" data-e-type=\"column\">\n\t\t\t<div class=\"elementor-widget-wrap\">\n\t\t\t\t\t\t\t<\/div>\n\t\t<\/div>\n\t\t\t\t\t<\/div>\n\t\t<\/section>\n\t\t\t\t<\/div>","protected":false},"excerpt":{"rendered":"<p>LUONTO\u00c4LY Mets\u00e4 Kolossa opitaan luonnosta Yrityksen arvoina ja perusajatuksena ovat luonnonl\u00e4heisyys ja halu oppia luonnosta.\u00a0 Suosimme materiaaleissamme laadukkaita, kotimaisia vaihtoehtoja. Olemme panostaneet liinavaatteissa, vuoteissa ja vuodevaatteissa muhkeisiin luonnonmateriaaleihin. Saunassa tarjoamme k\u00e4ytt\u00f6\u00f6si Mets\u00e4 Kolon luomusaippuan. Kaikki k\u00e4ytt\u00e4m\u00e4mme puhdistus- ja pesuaineet ovat mahdollisimman ymp\u00e4rist\u00f6yst\u00e4v\u00e4llisi\u00e4. Ruokap\u00f6yd\u00e4ss\u00e4 suosimme luonnonantimia, l\u00e4hell\u00e4 tuotettua sek\u00e4 luomuravintoa. Raikas juomavetemme on aitoa pohjavett\u00e4, jota [&hellip;]<\/p>\n","protected":false},"author":1,"featured_media":0,"parent":0,"menu_order":0,"comment_status":"closed","ping_status":"closed","template":"elementor_header_footer","meta":{"inline_featured_image":false,"footnotes":""},"class_list":["post-950","page","type-page","status-publish","hentry"],"_links":{"self":[{"href":"https:\/\/metsakolo.fi\/de\/wp-json\/wp\/v2\/pages\/950","targetHints":{"allow":["GET"]}}],"collection":[{"href":"https:\/\/metsakolo.fi\/de\/wp-json\/wp\/v2\/pages"}],"about":[{"href":"https:\/\/metsakolo.fi\/de\/wp-json\/wp\/v2\/types\/page"}],"author":[{"embeddable":true,"href":"https:\/\/metsakolo.fi\/de\/wp-json\/wp\/v2\/users\/1"}],"replies":[{"embeddable":true,"href":"https:\/\/metsakolo.fi\/de\/wp-json\/wp\/v2\/comments?post=950"}],"version-history":[{"count":556,"href":"https:\/\/metsakolo.fi\/de\/wp-json\/wp\/v2\/pages\/950\/revisions"}],"predecessor-version":[{"id":6338,"href":"https:\/\/metsakolo.fi\/de\/wp-json\/wp\/v2\/pages\/950\/revisions\/6338"}],"wp:attachment":[{"href":"https:\/\/metsakolo.fi\/de\/wp-json\/wp\/v2\/media?parent=950"}],"curies":[{"name":"wp","href":"https:\/\/api.w.org\/{rel}","templated":true}]}}