{"id":3488,"date":"2021-11-23T10:14:20","date_gmt":"2021-11-23T08:14:20","guid":{"rendered":"https:\/\/metsakolo.fi\/?page_id=3488"},"modified":"2023-02-28T14:13:11","modified_gmt":"2023-02-28T12:13:11","slug":"metsastys","status":"publish","type":"page","link":"https:\/\/metsakolo.fi\/de\/tekeminen\/metsastys\/","title":{"rendered":"Jagd"},"content":{"rendered":"<div data-elementor-type=\"wp-page\" data-elementor-id=\"3488\" class=\"elementor elementor-3488\" data-elementor-post-type=\"page\">\n\t\t\t\t\t\t<section data-particle_enable=\"false\" data-particle-mobile-disabled=\"false\" class=\"elementor-section elementor-top-section elementor-element elementor-element-257477a elementor-section-height-min-height elementor-section-full_width elementor-section-content-top elementor-section-height-default elementor-section-items-middle\" data-id=\"257477a\" data-element_type=\"section\" data-e-type=\"section\" data-settings=\"{&quot;background_background&quot;:&quot;classic&quot;}\">\n\t\t\t\t\t\t\t<div class=\"elementor-background-overlay\"><\/div>\n\t\t\t\t\t\t\t<div class=\"elementor-container elementor-column-gap-default\">\n\t\t\t\t\t<div class=\"elementor-column elementor-col-100 elementor-top-column elementor-element elementor-element-5305c05\" data-id=\"5305c05\" data-element_type=\"column\" data-e-type=\"column\">\n\t\t\t<div class=\"elementor-widget-wrap\">\n\t\t\t\t\t\t\t<\/div>\n\t\t<\/div>\n\t\t\t\t\t<\/div>\n\t\t<\/section>\n\t\t\t\t<section data-particle_enable=\"false\" data-particle-mobile-disabled=\"false\" class=\"elementor-section elementor-top-section elementor-element elementor-element-a955042 elementor-section-boxed elementor-section-height-default elementor-section-height-default\" data-id=\"a955042\" data-element_type=\"section\" data-e-type=\"section\">\n\t\t\t\t\t\t<div class=\"elementor-container elementor-column-gap-default\">\n\t\t\t\t\t<div class=\"elementor-column elementor-col-33 elementor-top-column elementor-element elementor-element-41b9285\" data-id=\"41b9285\" data-element_type=\"column\" data-e-type=\"column\">\n\t\t\t<div class=\"elementor-widget-wrap elementor-element-populated\">\n\t\t\t\t\t\t<div class=\"elementor-element elementor-element-a7decdf elementor-widget elementor-widget-video\" data-id=\"a7decdf\" data-element_type=\"widget\" data-e-type=\"widget\" data-settings=\"{&quot;youtube_url&quot;:&quot;https:\\\/\\\/www.youtube.com\\\/watch?v=SqAc97Syt0s&quot;,&quot;video_type&quot;:&quot;youtube&quot;,&quot;controls&quot;:&quot;yes&quot;}\" data-widget_type=\"video.default\">\n\t\t\t\t<div class=\"elementor-widget-container\">\n\t\t\t\t\t\t\t<div class=\"elementor-wrapper elementor-open-inline\">\n\t\t\t<div class=\"elementor-video\"><\/div>\t\t<\/div>\n\t\t\t\t\t\t<\/div>\n\t\t\t\t<\/div>\n\t\t\t\t\t<\/div>\n\t\t<\/div>\n\t\t\t\t<div class=\"elementor-column elementor-col-33 elementor-top-column elementor-element elementor-element-7193672\" data-id=\"7193672\" data-element_type=\"column\" data-e-type=\"column\">\n\t\t\t<div class=\"elementor-widget-wrap elementor-element-populated\">\n\t\t\t\t\t\t<div class=\"elementor-element elementor-element-d16cb5f elementor-widget elementor-widget-video\" data-id=\"d16cb5f\" data-element_type=\"widget\" data-e-type=\"widget\" data-settings=\"{&quot;youtube_url&quot;:&quot;https:\\\/\\\/www.youtube.com\\\/watch?v=5Ezt58E3zgY&quot;,&quot;video_type&quot;:&quot;youtube&quot;,&quot;controls&quot;:&quot;yes&quot;}\" data-widget_type=\"video.default\">\n\t\t\t\t<div class=\"elementor-widget-container\">\n\t\t\t\t\t\t\t<div class=\"elementor-wrapper elementor-open-inline\">\n\t\t\t<div class=\"elementor-video\"><\/div>\t\t<\/div>\n\t\t\t\t\t\t<\/div>\n\t\t\t\t<\/div>\n\t\t\t\t\t<\/div>\n\t\t<\/div>\n\t\t\t\t<div class=\"elementor-column elementor-col-33 elementor-top-column elementor-element elementor-element-680e6fb\" data-id=\"680e6fb\" data-element_type=\"column\" data-e-type=\"column\">\n\t\t\t<div class=\"elementor-widget-wrap elementor-element-populated\">\n\t\t\t\t\t\t<div class=\"elementor-element elementor-element-cc9bf29 elementor-widget elementor-widget-video\" data-id=\"cc9bf29\" data-element_type=\"widget\" data-e-type=\"widget\" data-settings=\"{&quot;youtube_url&quot;:&quot;https:\\\/\\\/www.youtube.com\\\/watch?v=PQchqLo7Q3M&quot;,&quot;video_type&quot;:&quot;youtube&quot;,&quot;controls&quot;:&quot;yes&quot;}\" data-widget_type=\"video.default\">\n\t\t\t\t<div class=\"elementor-widget-container\">\n\t\t\t\t\t\t\t<div class=\"elementor-wrapper elementor-open-inline\">\n\t\t\t<div class=\"elementor-video\"><\/div>\t\t<\/div>\n\t\t\t\t\t\t<\/div>\n\t\t\t\t<\/div>\n\t\t\t\t\t<\/div>\n\t\t<\/div>\n\t\t\t\t\t<\/div>\n\t\t<\/section>\n\t\t\t\t<section data-particle_enable=\"false\" data-particle-mobile-disabled=\"false\" class=\"elementor-section elementor-top-section elementor-element elementor-element-6c86fec elementor-section-boxed elementor-section-height-default elementor-section-height-default\" data-id=\"6c86fec\" data-element_type=\"section\" data-e-type=\"section\">\n\t\t\t\t\t\t<div class=\"elementor-container elementor-column-gap-default\">\n\t\t\t\t\t<div class=\"elementor-column elementor-col-100 elementor-top-column elementor-element elementor-element-6ad0b9c\" data-id=\"6ad0b9c\" data-element_type=\"column\" data-e-type=\"column\">\n\t\t\t<div class=\"elementor-widget-wrap elementor-element-populated\">\n\t\t\t\t\t\t\t<\/div>\n\t\t<\/div>\n\t\t\t\t\t<\/div>\n\t\t<\/section>\n\t\t\t\t<section data-particle_enable=\"false\" data-particle-mobile-disabled=\"false\" class=\"elementor-section elementor-top-section elementor-element elementor-element-56541ea elementor-section-boxed elementor-section-height-default elementor-section-height-default\" data-id=\"56541ea\" data-element_type=\"section\" data-e-type=\"section\" data-settings=\"{&quot;background_background&quot;:&quot;classic&quot;}\">\n\t\t\t\t\t\t<div class=\"elementor-container elementor-column-gap-default\">\n\t\t\t\t\t<div class=\"elementor-column elementor-col-100 elementor-top-column elementor-element elementor-element-7b003b1\" data-id=\"7b003b1\" data-element_type=\"column\" data-e-type=\"column\">\n\t\t\t<div class=\"elementor-widget-wrap elementor-element-populated\">\n\t\t\t\t\t\t<div class=\"elementor-element elementor-element-83fb054 elementor-widget elementor-widget-text-editor\" data-id=\"83fb054\" data-element_type=\"widget\" data-e-type=\"widget\" data-widget_type=\"text-editor.default\">\n\t\t\t\t<div class=\"elementor-widget-container\">\n\t\t\t\t\t\t\t\t\t<p>\u00a0<\/p><p>ELCHJAGD<\/p><p><span style=\"color: var( --e-global-color-text );\">Lokakuussa 2022 on mahdollisuus p\u00e4\u00e4st\u00e4 mukaan meid\u00e4n hirviporukkaan. Paikkoja on rajoitetusti, varaa pian omasi! Mets\u00e4st\u00e4mme yhdess\u00e4 paikallisen mets\u00e4stysseuran kanssa koirilla, passissa sek\u00e4 ajojahdilla. Kysy lis\u00e4\u00e4 s\u00e4hk\u00f6postitse alexandra@lapinmetsalainen.fi. Kerro samalla omista suunnitelmistasi ja mieltymyksist\u00e4si, niin saamme sinunn\u00e4k\u00f6isesi kokonaisuuden kehitetty\u00e4.<\/span><\/p><p>Jagd<\/p><p>Eettiset mets\u00e4st\u00e4j\u00e4t (my\u00f6s jousella) sek\u00e4 kalastajat ovat syd\u00e4mellisesti tervetulleita Mets\u00e4 Koloon harrastamaan ja nauttimaan! Ranualla sijaitsee laajasti valtion mets\u00e4stysmaita, meill\u00e4 majoitut mukavasti luonnon rauhassa perinteisess\u00e4 ja viihtyis\u00e4ss\u00e4 m\u00f6kiss\u00e4. Vieraillamme on sopimuksen mukaan mahdollisuus mets\u00e4st\u00e4\u00e4 pienriistaa yksityismets\u00e4ss\u00e4. Mets\u00e4stysmaat jakautuvat kahteen palstaan, ensimm\u00e4inen sijaitsee tontilla ja jatkuu lahden toiselle puolen majoitusta. Toinen palstoista on noin nelj\u00e4n km p\u00e4\u00e4ss\u00e4 saman j\u00e4rven \u00e4\u00e4rell\u00e4, ja jatkuu Hietaj\u00e4rven puolelle. Noin kilometrin pituisella Korteenojan \u00e4\u00e4rell\u00e4, osittain vanhassa sekamets\u00e4ss\u00e4, mets\u00e4kanalinnut ovat viihtyneet mainiosti.<\/p><p>Lomamajoituksesi ovesta ulos astuttaessa p\u00e4\u00e4set suoraan metsille, yhteens\u00e4 130 ha. Palstoille p\u00e4\u00e4see mukavasti my\u00f6s soutuveneell\u00e4 tai autolla Hietaj\u00e4rventiet\u00e4 pitkin. Veloitamme 35 euron lis\u00e4maksun nelijalkaisen mets\u00e4styskaverin vierailusta. M2 hirsim\u00f6kki soveltuu lemmikkiel\u00e4imen majoitukseen, meill\u00e4 on varattuna yst\u00e4v\u00e4llesi Matrin pehmoinen villainen peti. HUOM! Tontilla asuu kissa sek\u00e4 Weimarin pentu. <a href=\"https:\/\/www.ranua.fi\/Kirjasto-Liikunta-Nuoret\/Metsastys,-kalastus-ja-marjastus\" target=\"_blank\" rel=\"noopener\">Weitere Informationen \u00fcber die Jagd in Ranua.<\/a>\u00a0<\/p><p>Fischerei<\/p><p>Mets\u00e4 Kolon ja Ranuan vesist\u00f6iss\u00e4 saa onkia ja pilkki\u00e4 jokamiehenoikeudella. Muuta kalastusta kuin onkimista ja pilkkimist\u00e4 varten 18-64-vuotiaan on suoritettava\u00a0 kalastonhoitomaksu.\u00a0 Asiaankuuluvia kalastuslupia myyd\u00e4\u00e4n Mets\u00e4hallituksen verkkokaupassa. Siirry ostamaan lupa <a href=\"http:\/\/eraluvat.fi\/\" target=\"_blank\" rel=\"noopener\">Er\u00e4luvat.fi<\/a> -palvelusta. Pyydyskalastukseen, esimerkiksi verkkokalastukseen, tarvitset vesialueen omistajan luvan, jonka saat pient\u00e4 maksua vastaan Mets\u00e4 Kolosta. Valtion vesiin lupia saa Mets\u00e4hallituksen Er\u00e4luvat -verkkokaupasta.<\/p><p>Mets\u00e4 Kolossa on vapaasti k\u00e4ytett\u00e4viss\u00e4si lasikuituvene. Pelastusliivej\u00e4 saa k\u00e4ytt\u00f6\u00f6n lis\u00e4maksusta (5 \u20ac\/kpl) \u2013 my\u00f6s pikkulasten liivej\u00e4 saatavilla. Kalojen perkausp\u00f6yt\u00e4 l\u00f6ytyy paikan p\u00e4\u00e4lt\u00e4.\u00a0Vesist\u00f6mme tarjoavat mm. ahventa, haukea, lahnaa ja muikkua. Mik\u00e4li halajat viel\u00e4 paremmille apajille, ota suunnaksi Ranuan suosituimmat kalastuspaikat Simoj\u00e4rvi ja Simojoki, jossa el\u00e4\u00e4 oma, luontaisesti lis\u00e4\u00e4ntyv\u00e4 lohikanta. Simoj\u00e4rvess\u00e4 puolestaan tavataan jopa 13 kalalajia, mm. kuhaa, siikaa, muikkua ja j\u00e4rvitaimenta. <a href=\"https:\/\/www.eraluvat.fi\/kalastus\/kalastusmaksut-ja-luvat\/vapalupa\/alueet\/simojoki-ranua.html\" target=\"_blank\" rel=\"noopener\">Mehr \u00fcber das Fischen in Simojoki<\/a><\/p><p>Tietoa mets\u00e4stys- ja kalastusluvista:<\/p><p>Mets\u00e4stys: Valtionmaiden pienriistan mets\u00e4stysalue l\u00e4himmill\u00e4\u00e4n 3 km:n et\u00e4isyydell\u00e4 (kohde 2619 Ranua, <a href=\"http:\/\/www.eraluvat.fi\" target=\"_blank\" rel=\"noopener\">www.eraluvat.fi<\/a>). Kalastus: Alueen j\u00e4rvi-ja lampivesiss\u00e4 saat yleens\u00e4 kalastaa yhdell\u00e4 vavalla ja vieheell\u00e4 kalastonhoitomaksun suoritettuasi, ei kuitenkaan vaelluskalavesien joki-ja virtapaikoissa (ks. <a href=\"http:\/\/www.eraluvat.fi\" target=\"_blank\" rel=\"noopener\">www.eraluvat.fi<\/a>). Simojoki l\u00e4himmill\u00e4\u00e4n noin 20 km (kohde 2580 Simojoki, <a href=\"http:\/\/www.eraluvat.fi\" target=\"_blank\" rel=\"noopener\">www.eraluvat.fi<\/a>). Joki soveltuu hyvin my\u00f6s retkimelontaan. Kohde 2597 Simoj\u00e4rvi (<a href=\"http:\/\/www.eraluvat.fi\" target=\"_blank\" rel=\"noopener\">www.eraluvat.fi<\/a>) my\u00f6s hyvin tavoitettavissa.<\/p>\t\t\t\t\t\t\t\t<\/div>\n\t\t\t\t<\/div>\n\t\t\t\t\t<\/div>\n\t\t<\/div>\n\t\t\t\t\t<\/div>\n\t\t<\/section>\n\t\t\t\t<\/div>","protected":false},"excerpt":{"rendered":"<p>https:\/\/www.youtube.com\/watch?v=SqAc97Syt0shttps:\/\/www.youtube.com\/watch?v=5Ezt58E3zgYhttps:\/\/www.youtube.com\/watch?v=PQchqLo7Q3M \u00a0 HIRVIPORUKKA Lokakuussa 2022 on mahdollisuus p\u00e4\u00e4st\u00e4 mukaan meid\u00e4n hirviporukkaan. Paikkoja on rajoitetusti, varaa pian omasi! Mets\u00e4st\u00e4mme yhdess\u00e4 paikallisen mets\u00e4stysseuran kanssa koirilla, passissa sek\u00e4 ajojahdilla. Kysy lis\u00e4\u00e4 s\u00e4hk\u00f6postitse alexandra@lapinmetsalainen.fi. Kerro samalla omista suunnitelmistasi ja mieltymyksist\u00e4si, niin saamme sinunn\u00e4k\u00f6isesi kokonaisuuden kehitetty\u00e4. Mets\u00e4stys Eettiset mets\u00e4st\u00e4j\u00e4t (my\u00f6s jousella) sek\u00e4 kalastajat ovat syd\u00e4mellisesti tervetulleita Mets\u00e4 Koloon harrastamaan ja [&hellip;]<\/p>\n","protected":false},"author":1,"featured_media":3539,"parent":404,"menu_order":0,"comment_status":"closed","ping_status":"closed","template":"elementor_header_footer","meta":{"inline_featured_image":false,"footnotes":""},"class_list":["post-3488","page","type-page","status-publish","has-post-thumbnail","hentry"],"_links":{"self":[{"href":"https:\/\/metsakolo.fi\/de\/wp-json\/wp\/v2\/pages\/3488","targetHints":{"allow":["GET"]}}],"collection":[{"href":"https:\/\/metsakolo.fi\/de\/wp-json\/wp\/v2\/pages"}],"about":[{"href":"https:\/\/metsakolo.fi\/de\/wp-json\/wp\/v2\/types\/page"}],"author":[{"embeddable":true,"href":"https:\/\/metsakolo.fi\/de\/wp-json\/wp\/v2\/users\/1"}],"replies":[{"embeddable":true,"href":"https:\/\/metsakolo.fi\/de\/wp-json\/wp\/v2\/comments?post=3488"}],"version-history":[{"count":206,"href":"https:\/\/metsakolo.fi\/de\/wp-json\/wp\/v2\/pages\/3488\/revisions"}],"predecessor-version":[{"id":5870,"href":"https:\/\/metsakolo.fi\/de\/wp-json\/wp\/v2\/pages\/3488\/revisions\/5870"}],"up":[{"embeddable":true,"href":"https:\/\/metsakolo.fi\/de\/wp-json\/wp\/v2\/pages\/404"}],"wp:featuredmedia":[{"embeddable":true,"href":"https:\/\/metsakolo.fi\/de\/wp-json\/wp\/v2\/media\/3539"}],"wp:attachment":[{"href":"https:\/\/metsakolo.fi\/de\/wp-json\/wp\/v2\/media?parent=3488"}],"curies":[{"name":"wp","href":"https:\/\/api.w.org\/{rel}","templated":true}]}}