{"id":1187,"date":"2021-06-18T08:48:54","date_gmt":"2021-06-18T08:48:54","guid":{"rendered":"https:\/\/metsakolo.fi\/?page_id=1187"},"modified":"2022-02-23T12:41:57","modified_gmt":"2022-02-23T10:41:57","slug":"luonto-ja-kayntikohteita","status":"publish","type":"page","link":"https:\/\/metsakolo.fi\/de\/luonto-ja-kayntikohteita\/","title":{"rendered":"Ausflugsziele"},"content":{"rendered":"<div data-elementor-type=\"wp-page\" data-elementor-id=\"1187\" class=\"elementor elementor-1187\" data-elementor-post-type=\"page\">\n\t\t\t\t\t\t<section data-particle_enable=\"false\" data-particle-mobile-disabled=\"false\" class=\"elementor-section elementor-top-section elementor-element elementor-element-b583c27 elementor-section-height-min-height elementor-section-boxed elementor-section-height-default elementor-section-items-middle\" data-id=\"b583c27\" data-element_type=\"section\" data-e-type=\"section\" data-settings=\"{&quot;background_background&quot;:&quot;classic&quot;}\">\n\t\t\t\t\t\t<div class=\"elementor-container elementor-column-gap-default\">\n\t\t\t\t\t<div class=\"elementor-column elementor-col-100 elementor-top-column elementor-element elementor-element-96f08a2\" data-id=\"96f08a2\" data-element_type=\"column\" data-e-type=\"column\">\n\t\t\t<div class=\"elementor-widget-wrap elementor-element-populated\">\n\t\t\t\t\t\t<div class=\"elementor-element elementor-element-eebb779 elementor-widget elementor-widget-heading\" data-id=\"eebb779\" data-element_type=\"widget\" data-e-type=\"widget\" data-widget_type=\"heading.default\">\n\t\t\t\t<div class=\"elementor-widget-container\">\n\t\t\t\t\t<h2 class=\"elementor-heading-title elementor-size-default\">Was zu tun im Freien?<\/h2>\t\t\t\t<\/div>\n\t\t\t\t<\/div>\n\t\t\t\t\t<\/div>\n\t\t<\/div>\n\t\t\t\t\t<\/div>\n\t\t<\/section>\n\t\t\t\t<section data-particle_enable=\"false\" data-particle-mobile-disabled=\"false\" class=\"elementor-section elementor-top-section elementor-element elementor-element-4db2c21 elementor-section-boxed elementor-section-height-default elementor-section-height-default elementor-invisible\" data-id=\"4db2c21\" data-element_type=\"section\" data-e-type=\"section\" data-settings=\"{&quot;background_background&quot;:&quot;classic&quot;,&quot;animation&quot;:&quot;slideInUp&quot;}\">\n\t\t\t\t\t\t<div class=\"elementor-container elementor-column-gap-default\">\n\t\t\t\t\t<div class=\"elementor-column elementor-col-100 elementor-top-column elementor-element elementor-element-62db7f0\" data-id=\"62db7f0\" data-element_type=\"column\" data-e-type=\"column\">\n\t\t\t<div class=\"elementor-widget-wrap elementor-element-populated\">\n\t\t\t\t\t\t<div class=\"elementor-element elementor-element-8e5d2b0 elementor-widget elementor-widget-text-editor\" data-id=\"8e5d2b0\" data-element_type=\"widget\" data-e-type=\"widget\" data-widget_type=\"text-editor.default\">\n\t\t\t\t<div class=\"elementor-widget-container\">\n\t\t\t\t\t\t\t\t\t<h2 style=\"text-align: center;\"><strong>Unsere besten Tipps f\u00fcr die bezaubernde Natur von Mets\u00e4 Kolo und die interessantesten Ausflugsziele in der Umgebung.\u00a0<\/strong><\/h2>\t\t\t\t\t\t\t\t<\/div>\n\t\t\t\t<\/div>\n\t\t\t\t<section data-particle_enable=\"false\" data-particle-mobile-disabled=\"false\" class=\"elementor-section elementor-inner-section elementor-element elementor-element-991a3f4 elementor-section-boxed elementor-section-height-default elementor-section-height-default\" data-id=\"991a3f4\" data-element_type=\"section\" data-e-type=\"section\">\n\t\t\t\t\t\t<div class=\"elementor-container elementor-column-gap-default\">\n\t\t\t\t\t<div class=\"elementor-column elementor-col-50 elementor-inner-column elementor-element elementor-element-e2cf3a7\" data-id=\"e2cf3a7\" data-element_type=\"column\" data-e-type=\"column\">\n\t\t\t<div class=\"elementor-widget-wrap elementor-element-populated\">\n\t\t\t\t\t\t<div class=\"elementor-element elementor-element-7bf2cea elementor-widget elementor-widget-text-editor\" data-id=\"7bf2cea\" data-element_type=\"widget\" data-e-type=\"widget\" data-widget_type=\"text-editor.default\">\n\t\t\t\t<div class=\"elementor-widget-container\">\n\t\t\t\t\t\t\t\t\t<p><b>Waldspaziergang<\/b><br \/>K\u00e4vely mets\u00e4ss\u00e4 on parasta tasapainoa arjen kiireisiin. Jokainen vuodenaika esitt\u00e4\u00e4 sinulle erityispiirteens\u00e4, ja luonto tarjoaa erilaisia valon s\u00e4vyj\u00e4 vuoden jokaisena p\u00e4iv\u00e4n\u00e4. Mets\u00e4t ovat turvallisia liikkua ja uskallamme luvata, ett\u00e4 niiss\u00e4 koet olevasi irti arjesta tai mielt\u00e4 painavista ajatuksista.<\/p><p><b>Wandern und Camping<\/b><\/p><p>Ranuan luonto on monelta kulkijalta k\u00e4ym\u00e4t\u00f6n piilopaikka. Tule siis l\u00f6yt\u00e4m\u00e4\u00e4n oma suosikkipaikkasi ja nauti oman polkusi kulkemisesta hienoissa luontokohteissa. Haluamme s\u00e4ilytt\u00e4\u00e4 parhaat kohteet niit\u00e4 arvostaville, joten varaa majoitus meilt\u00e4, niin opastamme sinut l\u00e4hiluonnon helmien \u00e4\u00e4relle. Mets\u00e4 Kolon l\u00e4hiluonto on t\u00e4ynn\u00e4 aarteita!<\/p>\t\t\t\t\t\t\t\t<\/div>\n\t\t\t\t<\/div>\n\t\t\t\t\t<\/div>\n\t\t<\/div>\n\t\t\t\t<div class=\"elementor-column elementor-col-50 elementor-inner-column elementor-element elementor-element-b35383b\" data-id=\"b35383b\" data-element_type=\"column\" data-e-type=\"column\">\n\t\t\t<div class=\"elementor-widget-wrap elementor-element-populated\">\n\t\t\t\t\t\t<div class=\"elementor-element elementor-element-0fb9647 elementor-widget elementor-widget-text-editor\" data-id=\"0fb9647\" data-element_type=\"widget\" data-e-type=\"widget\" data-widget_type=\"text-editor.default\">\n\t\t\t\t<div class=\"elementor-widget-container\">\n\t\t\t\t\t\t\t\t\t<p><b>Maastopy\u00f6r\u00e4ily<br \/><\/b><\/p><p>L\u00e4himaastomme tarjoavat my\u00f6s uskomattoman verkoston mets\u00e4polkuja ja -reittej\u00e4 py\u00f6r\u00e4ilt\u00e4v\u00e4ksi. Simoj\u00e4rvi-Soppanan retkeilyalueella p\u00e4\u00e4set kokemaan vaihtelevia maastoja rauhasta nauttien, alue on nimitt\u00e4in viel\u00e4 l\u00f6yt\u00e4m\u00e4t\u00f6n helmi. Tunnin ajomatkan p\u00e4\u00e4ss\u00e4 sijaitsee Iso-Sy\u00f6te, joka on Lapin etel\u00e4isen puolen suosituin maastopy\u00f6r\u00e4ilykohde, joka vet\u00e4\u00e4 harrastajia ulkomaita my\u00f6ten. Mets\u00e4 Kolo tarjoaa jokaiselle jotain!\u00a0<\/p>\t\t\t\t\t\t\t\t<\/div>\n\t\t\t\t<\/div>\n\t\t\t\t\t<\/div>\n\t\t<\/div>\n\t\t\t\t\t<\/div>\n\t\t<\/section>\n\t\t\t\t\t<\/div>\n\t\t<\/div>\n\t\t\t\t\t<\/div>\n\t\t<\/section>\n\t\t\t\t<section data-particle_enable=\"false\" data-particle-mobile-disabled=\"false\" class=\"elementor-section elementor-top-section elementor-element elementor-element-5a0dd7f elementor-section-boxed elementor-section-height-default elementor-section-height-default elementor-invisible\" data-id=\"5a0dd7f\" data-element_type=\"section\" data-e-type=\"section\" data-settings=\"{&quot;animation&quot;:&quot;slideInUp&quot;}\">\n\t\t\t\t\t\t<div class=\"elementor-container elementor-column-gap-default\">\n\t\t\t\t\t<div class=\"elementor-column elementor-col-50 elementor-top-column elementor-element elementor-element-81f4852\" data-id=\"81f4852\" data-element_type=\"column\" data-e-type=\"column\">\n\t\t\t<div class=\"elementor-widget-wrap elementor-element-populated\">\n\t\t\t\t\t\t<div class=\"elementor-element elementor-element-a0ffac6 elementor-widget elementor-widget-text-editor\" data-id=\"a0ffac6\" data-element_type=\"widget\" data-e-type=\"widget\" data-widget_type=\"text-editor.default\">\n\t\t\t\t<div class=\"elementor-widget-container\">\n\t\t\t\t\t\t\t\t\t<h3><b>Genie\u00dfen Sie die Natur Lapplands in Mets\u00e4 Kolo<\/b><\/h3><p>Majoitustilamme ovat luonnon keskell\u00e4 yksityisess\u00e4 er\u00e4maassa. Alue on kuitenkin selke\u00e4sti luonnon muotoja mukaelle rajattu, joten meill\u00e4 on turvallista liikkua. Laajat Mets\u00e4 Kolon maat tarjoavatkin lukemattomia mahdollisuuksia retkeilyyn. Tuomme luoksenne luontoon my\u00f6s mukavuutta lis\u00e4\u00e4vi\u00e4 palveluita, jotta tuntisit olosi rentoutuneeksi ja voit keskitty\u00e4 lomailuun.\u00a0\u00a0<\/p><p>\u00a0<\/p><p>Toiminta-ajatuksemme yksi olennainen osa on tarjota el\u00e4myksi\u00e4, kuinka suomalaiset nauttivat ja el\u00e4v\u00e4t maailman onnellisimman kansan tavoin. Yksinkertainen m\u00f6kkiel\u00e4m\u00e4 onkin mielest\u00e4mme rikkaus, jonka suuruuden voi ymm\u00e4rt\u00e4\u00e4 vasta itse koettuaan sen omakohtaisesti.<\/p><p>\u00a0<\/p><p>Tule meille Mets\u00e4 Koloon vieraaksi &#8211; lupaamme, ett\u00e4 nautit!<\/p>\t\t\t\t\t\t\t\t<\/div>\n\t\t\t\t<\/div>\n\t\t\t\t\t<\/div>\n\t\t<\/div>\n\t\t\t\t<div class=\"elementor-column elementor-col-50 elementor-top-column elementor-element elementor-element-3441f68\" data-id=\"3441f68\" data-element_type=\"column\" data-e-type=\"column\">\n\t\t\t<div class=\"elementor-widget-wrap elementor-element-populated\">\n\t\t\t\t\t\t<div class=\"elementor-element elementor-element-c7edc2a elementor-widget elementor-widget-text-editor\" data-id=\"c7edc2a\" data-element_type=\"widget\" data-e-type=\"widget\" data-widget_type=\"text-editor.default\">\n\t\t\t\t<div class=\"elementor-widget-container\">\n\t\t\t\t\t\t\t\t\t<h3><strong>Beruhigen Sie sich in Saarij\u00e4rvi<\/strong><\/h3><p>Mets\u00e4 Koloa ymp\u00e4r\u00f6iv\u00e4 Saarij\u00e4rvi tarjoaa mahdollisuuksia monenlaiseen ajanviettoon. Matala ranta on lapsiyst\u00e4v\u00e4llinen, joten uinti kes\u00e4isin kuuluu jokaiseen aamuun ja iltaan. J\u00e4rvell\u00e4 voit my\u00f6s suppailla, k\u00e4yd\u00e4 soutelemassa veneell\u00e4 tai lipua hiljalleen pitkin tyynt\u00e4 j\u00e4rven pintaa intiaanikanootilla. Pelkk\u00e4 j\u00e4rven pinnan tuijottaminen saa sinut tuntemaan onnellisuutta ja rauhaa.<\/p><p>\u00a0<\/p><p>Talvella j\u00e4rvi muuttuu valkoiseksi luonnon ihmeeksi. Valon s\u00e4vyt taittuvat vuorokauden ajan mukaan, ja pimeink\u00e4\u00e4n y\u00f6 ei ole niin pime\u00e4, ettetk\u00f6 n\u00e4kisi ymp\u00e4rill\u00e4 olevaa lumoavaa ja rauhoittavaa kauneutta. J\u00e4rven j\u00e4\u00e4 on my\u00f6s oivallinen paikka bongata revontulia.<\/p>\t\t\t\t\t\t\t\t<\/div>\n\t\t\t\t<\/div>\n\t\t\t\t\t<\/div>\n\t\t<\/div>\n\t\t\t\t\t<\/div>\n\t\t<\/section>\n\t\t\t\t<section data-particle_enable=\"false\" data-particle-mobile-disabled=\"false\" class=\"elementor-section elementor-top-section elementor-element elementor-element-86aeeea elementor-section-boxed elementor-section-height-default elementor-section-height-default elementor-invisible\" data-id=\"86aeeea\" data-element_type=\"section\" data-e-type=\"section\" data-settings=\"{&quot;background_background&quot;:&quot;classic&quot;,&quot;animation&quot;:&quot;slideInUp&quot;}\">\n\t\t\t\t\t\t<div class=\"elementor-container elementor-column-gap-default\">\n\t\t\t\t\t<div class=\"elementor-column elementor-col-100 elementor-top-column elementor-element elementor-element-b6a9314\" data-id=\"b6a9314\" data-element_type=\"column\" data-e-type=\"column\">\n\t\t\t<div class=\"elementor-widget-wrap elementor-element-populated\">\n\t\t\t\t\t\t<div class=\"elementor-element elementor-element-959c316 elementor-widget elementor-widget-text-editor\" data-id=\"959c316\" data-element_type=\"widget\" data-e-type=\"widget\" data-widget_type=\"text-editor.default\">\n\t\t\t\t<div class=\"elementor-widget-container\">\n\t\t\t\t\t\t\t\t\t<h2 style=\"text-align: center;\"><b>Beerensammeln und Pilzesammeln<\/b><\/h2><p>Suoraan pihastamme p\u00e4\u00e4set nauttimaan mets\u00e4n antimista, jotka ovat puhdasta ja terveellist\u00e4 l\u00e4hi- ja luomuruokaa, t\u00e4ynn\u00e4 vitamiineja ja kivenn\u00e4isaineita. Samalla saat erinomaista hy\u00f6tyliikuntaa luontoymp\u00e4rist\u00f6ss\u00e4, joka itsess\u00e4\u00e4n saa aikaan positiivisia vaikutuksia sek\u00e4 kehossa ett\u00e4 mieless\u00e4. Marjastus ja sienestys ovatkin paikallista el\u00e4m\u00e4nmenoa parhaimmillaan.<\/p>\t\t\t\t\t\t\t\t<\/div>\n\t\t\t\t<\/div>\n\t\t\t\t\t<\/div>\n\t\t<\/div>\n\t\t\t\t\t<\/div>\n\t\t<\/section>\n\t\t\t\t<section data-particle_enable=\"false\" data-particle-mobile-disabled=\"false\" class=\"elementor-section elementor-top-section elementor-element elementor-element-79e3932 elementor-section-boxed elementor-section-height-default elementor-section-height-default elementor-invisible\" data-id=\"79e3932\" data-element_type=\"section\" data-e-type=\"section\" data-settings=\"{&quot;background_background&quot;:&quot;classic&quot;,&quot;animation&quot;:&quot;slideInUp&quot;}\">\n\t\t\t\t\t\t<div class=\"elementor-container elementor-column-gap-default\">\n\t\t\t\t\t<div class=\"elementor-column elementor-col-100 elementor-top-column elementor-element elementor-element-b1d1d9a elementor-invisible\" data-id=\"b1d1d9a\" data-element_type=\"column\" data-e-type=\"column\" data-settings=\"{&quot;animation&quot;:&quot;slideInUp&quot;}\">\n\t\t\t<div class=\"elementor-widget-wrap elementor-element-populated\">\n\t\t\t\t\t\t<div class=\"elementor-element elementor-element-c6d3781 elementor-widget elementor-widget-text-editor\" data-id=\"c6d3781\" data-element_type=\"widget\" data-e-type=\"widget\" data-widget_type=\"text-editor.default\">\n\t\t\t\t<div class=\"elementor-widget-container\">\n\t\t\t\t\t\t\t\t\t<h2 style=\"text-align: center;\"><strong>Nachbarschaften<\/strong><\/h2>\t\t\t\t\t\t\t\t<\/div>\n\t\t\t\t<\/div>\n\t\t\t\t<section data-particle_enable=\"false\" data-particle-mobile-disabled=\"false\" class=\"elementor-section elementor-inner-section elementor-element elementor-element-ab8350e elementor-section-boxed elementor-section-height-default elementor-section-height-default\" data-id=\"ab8350e\" data-element_type=\"section\" data-e-type=\"section\">\n\t\t\t\t\t\t<div class=\"elementor-container elementor-column-gap-default\">\n\t\t\t\t\t<div class=\"elementor-column elementor-col-50 elementor-inner-column elementor-element elementor-element-2623050\" data-id=\"2623050\" data-element_type=\"column\" data-e-type=\"column\">\n\t\t\t<div class=\"elementor-widget-wrap elementor-element-populated\">\n\t\t\t\t\t\t<div class=\"elementor-element elementor-element-a9fb694 elementor-widget elementor-widget-text-editor\" data-id=\"a9fb694\" data-element_type=\"widget\" data-e-type=\"widget\" data-widget_type=\"text-editor.default\">\n\t\t\t\t<div class=\"elementor-widget-container\">\n\t\t\t\t\t\t\t\t\t<h2 style=\"text-align: left;\"><b>Ranua<\/b><\/h2><p>Ranuan matkailu keskitetysti: <a href=\"http:\/\/visitranua.fi\" target=\"_blank\" rel=\"noopener\">visitranua.fi<\/a><\/p><p>Ranuan el\u00e4inpuisto: <a href=\"http:\/\/ranuazoo.com\" target=\"_blank\" rel=\"noopener\">ranuazoo.com<\/a><\/p><p>Ranuan museot: <a href=\"https:\/\/www.ranua.fi\/Kirjasto-Liikunta-Nuoret\/Museot-ja-nahtavyydet\" target=\"_blank\" rel=\"noopener\">https:\/\/www.ranua.fi\/Kirjasto-Liikunta-Nuoret\/Museot-ja-nahtavyydet\u00a0<\/a><\/p><p>Japanitalo: <a href=\"https:\/\/japanitalo.fi\/\" target=\"_blank\" rel=\"noopener\">https:\/\/japanitalo.fi\/<\/a><\/p><p>Susimaa: <a href=\"https:\/\/www.susimaa.com\/\" target=\"_blank\" rel=\"noopener\">https:\/\/www.susimaa.com\/<\/a><\/p><p>\u00a0<\/p><p>Restaurants<\/p><p>Arctic Guesthouse&amp;Igloos tarjoaa paikallista ja suomalaista ruokaa.<\/p><p>Wild Arctic Restaurant kehittelee villej\u00e4 makuel\u00e4myksi\u00e4 Suomen luonnosta (sieni\u00e4, riistaa, kalaa ja marjoja).<\/p><p>Asian Street Food by Sara Hillatorilla myy aasialaisia take away -annoksia.\u00a0<\/p><p>Pizzapaikkoja ovat Leipomo-Kahvila Kiireen Raja, hotelli Ilveslinnan ravintola ja Cafe &amp; Bistro Bubo MurMur-linnassa, Ranuan El\u00e4inpuiston alueella. Viimeksi mainitussa p\u00e4\u00e4set herkuttelemaan my\u00f6s burgereilla, ja kaikki kolme tarjoavat pizzan lis\u00e4ksi muutakin lounasta.<\/p><p><br \/><br \/><\/p>\t\t\t\t\t\t\t\t<\/div>\n\t\t\t\t<\/div>\n\t\t\t\t\t<\/div>\n\t\t<\/div>\n\t\t\t\t<div class=\"elementor-column elementor-col-50 elementor-inner-column elementor-element elementor-element-ea2dc65\" data-id=\"ea2dc65\" data-element_type=\"column\" data-e-type=\"column\">\n\t\t\t<div class=\"elementor-widget-wrap elementor-element-populated\">\n\t\t\t\t\t\t<div class=\"elementor-element elementor-element-bacfff7 elementor-widget elementor-widget-text-editor\" data-id=\"bacfff7\" data-element_type=\"widget\" data-e-type=\"widget\" data-widget_type=\"text-editor.default\">\n\t\t\t\t<div class=\"elementor-widget-container\">\n\t\t\t\t\t\t\t\t\t<h2><b>Posio<\/b><\/h2><p>Koko p\u00e4iv\u00e4n kohde l\u00f6ytyy naapurikunnasta Posiolta, vajaan 50 kilometrin p\u00e4\u00e4st\u00e4, jossa on paljon n\u00e4kemist\u00e4 ja tekemist\u00e4 huikean luontonsa ja taide-ja kulttuuritarjontansa ansiosta.<\/p><p>\u00a0<\/p><p>Pentiks Reiseziele<\/p><p>Posiolla sijaitsee kuuluisien Pentikin keramiikka-astioiden koti, kulttuurikeskus Pentik-m\u00e4ki. Kokonaisuuteen kuuluvat tehtaanmyym\u00e4l\u00e4, museo, n\u00e4yttely ja hyv\u00e4 lounaskahvio. Pentik-teema jatkuu edelleen upeassa Pentik-kartanossa 20 km p\u00e4\u00e4ss\u00e4 Posiolta Timisj\u00e4rvell\u00e4. Rakennus on entisest\u00e4 porotilasta taidekodiksi, vierasateljeeksi sek\u00e4 n\u00e4yttely- ja tapahtumapaikaksi remontoitu pittoreski rakennus. <a href=\"https:\/\/www.pentik.com\/pages\/kulttuurikeskus-pentik-maki?gclid=Cj0KCQjwvr6EBhDOARIsAPpqUPE-nqSYO1mx7VUg4r2wtewtTR94GsUOwFgYWXK-OdnTrCGiDvy9OoUaAs6YEALw_wcB.\" target=\"_blank\" rel=\"noopener\">Tutustu Pentikin kohteisiin.\u00a0<\/a><\/p><p>\u00a0<\/p><p>Restaurant Tapio<\/p><p>Posiolta l\u00f6ytyy \u2013\u00a0 yll\u00e4tt\u00e4v\u00e4sti \u2013 my\u00f6s huipputason fine dining-ravintola Tapio, joka tarjoaa puhdasta, paikallista ruokaa \u2013 innolla ja kunnianhimolla. Ruuan laatu ja ravintolael\u00e4mys ovat t\u00e4htitasoa. <a href=\"https:\/\/tapio.restaurant\/\" target=\"_blank\" rel=\"noopener\">Lesen Sie mehr \u00fcber Tapio<\/a>.<\/p><p>\u00a0<\/p><p>Korpihilla<\/p><p>Unohtumattomia makuel\u00e4myksi\u00e4 tarjoaa my\u00f6s vieh\u00e4tt\u00e4v\u00e4 ja idyllinen Korpihilla Posiolta. Kartanokahvilan tarjonta perustuu puhtaisiin ja korkealaatuisiin raaka-aineisiin, kuten Lapin luonnonmarjoihin, villiyrtteihin, sieniin, kalaan ja riistaan. Kartanopuodista voi ostaa kotiin viemisiksi ja lahjatarpeiksi herkullisia k\u00e4sintehtyj\u00e4, marjaisia ja yrttisi\u00e4 artesaaniherkkuja. <a href=\"https:\/\/www.korpihilla.fi\/\" target=\"_blank\" rel=\"noopener\">Lue lis\u00e4\u00e4 Korpihillasta.<\/a><\/p><p><br \/><br \/><\/p><p>Korouoma<\/p><p>Das 30 km lange Schluchttal von Korouoma in Posio bietet abwechslungsreiche M\u00f6glichkeiten zum Wandern, Skifahren und Schneeschuhwandern. Die Eisf\u00e4lle im Winter sind atemberaubend. Simoj\u00e4rvi-Soppana ist auf einer 16 km langen Strecke mit Korouoma verbunden. <a href=\"https:\/\/www.luontoon.fi\/korouoma\" target=\"_blank\" rel=\"noopener\">Lue lis\u00e4\u00e4 Korouomasta.<\/a><\/p><p>\u00a0<\/p><p>Riisitunturi-Nationalpark<\/p><p>Erleben Sie den ganzj\u00e4hrigen Zauber von Riisitunturi beim Wandern, Skifahren oder Schneeschuhwandern. Im Winter verzaubert Sie der Kanonenwald, der vor allem in Mondn\u00e4chten ein magisches Erlebnis ist. Im Sommer k\u00f6nnen Sie Europas spektakul\u00e4rste Pisten und Europas gr\u00f6\u00dfte Quelle, den Kitkaj\u00e4rvi-See, erleben. <a href=\"https:\/\/www.luontoon.fi\/riisitunturi\" target=\"_blank\" rel=\"noopener\">Lue lis\u00e4\u00e4 Riistuntunturista.<\/a><\/p><p><br \/><br \/><\/p>\t\t\t\t\t\t\t\t<\/div>\n\t\t\t\t<\/div>\n\t\t\t\t\t<\/div>\n\t\t<\/div>\n\t\t\t\t\t<\/div>\n\t\t<\/section>\n\t\t\t\t\t<\/div>\n\t\t<\/div>\n\t\t\t\t\t<\/div>\n\t\t<\/section>\n\t\t\t\t<section data-particle_enable=\"false\" data-particle-mobile-disabled=\"false\" class=\"elementor-section elementor-top-section elementor-element elementor-element-4a9ce2e elementor-section-boxed elementor-section-height-default elementor-section-height-default elementor-invisible\" data-id=\"4a9ce2e\" data-element_type=\"section\" data-e-type=\"section\" data-settings=\"{&quot;background_background&quot;:&quot;classic&quot;,&quot;animation&quot;:&quot;slideInUp&quot;}\">\n\t\t\t\t\t\t<div class=\"elementor-container elementor-column-gap-default\">\n\t\t\t\t\t<div class=\"elementor-column elementor-col-50 elementor-top-column elementor-element elementor-element-59f1fac\" data-id=\"59f1fac\" data-element_type=\"column\" data-e-type=\"column\">\n\t\t\t<div class=\"elementor-widget-wrap elementor-element-populated\">\n\t\t\t\t\t\t<div class=\"elementor-element elementor-element-da9dc34 elementor-widget elementor-widget-text-editor\" data-id=\"da9dc34\" data-element_type=\"widget\" data-e-type=\"widget\" data-widget_type=\"text-editor.default\">\n\t\t\t\t<div class=\"elementor-widget-container\">\n\t\t\t\t\t\t\t\t\t<h3><b>Rovaniemi<\/b><\/h3><p>T\u00e4m\u00e4 Lapin p\u00e4\u00e4kaupunki ja joulupukin virallinen kotikaupunki tarjoaa ostosmahdollisuuksia, kulttuuria (taidetta, musiikkia, teatteria), museoita ja vauhdikasta tekemist\u00e4 vuoden jokaisena p\u00e4iv\u00e4n\u00e4. Museo ja tiedekeskus Arktikumin n\u00e4yttelyiss\u00e4 p\u00e4\u00e4set seikkailulle arktisille alueille. Tiedekeskus Pilke puolestaan perehdytt\u00e4\u00e4 sinut metsien saloihin. Taiteenn\u00e4lk\u00e4isille oikea osoite on Kulttuuritalo Korundi ja siell\u00e4 majaileva Rovaniemen taidemuseo. Lasten suosikki HopLop tarjoaa liikunnallista riemua perheen pienimmille vaikka kokonaiseksi p\u00e4iv\u00e4ksi. Unohtaa ei sovi Joulupukin Pajakyl\u00e4\u00e4, jossa p\u00e4\u00e4set tapaamaan sit\u00e4 aitoa, oikeaa Joulupukkia vuoden jokaisena p\u00e4iv\u00e4n\u00e4. N\u00e4m\u00e4 ja paljon muita vinkkej\u00e4 l\u00f6yd\u00e4t <a href=\"https:\/\/www.visitrovaniemi.fi\/fi\/\" target=\"_blank\" rel=\"noopener\">t\u00e4\u00e4lt\u00e4<\/a>.<\/p>\t\t\t\t\t\t\t\t<\/div>\n\t\t\t\t<\/div>\n\t\t\t\t\t<\/div>\n\t\t<\/div>\n\t\t\t\t<div class=\"elementor-column elementor-col-50 elementor-top-column elementor-element elementor-element-88b9a84\" data-id=\"88b9a84\" data-element_type=\"column\" data-e-type=\"column\">\n\t\t\t<div class=\"elementor-widget-wrap elementor-element-populated\">\n\t\t\t\t\t\t<div class=\"elementor-element elementor-element-d4aa918 elementor-widget elementor-widget-text-editor\" data-id=\"d4aa918\" data-element_type=\"widget\" data-e-type=\"widget\" data-widget_type=\"text-editor.default\">\n\t\t\t\t<div class=\"elementor-widget-container\">\n\t\t\t\t\t\t\t\t\t<h3><b>Eingang<\/b><\/h3><p>Suomen etel\u00e4isin tunturialue tarjoaa monenmoista n\u00e4kemist\u00e4, tekemist\u00e4 ja koettavaa. Talven riemuja tarjoavat laskettelurinteet ja hiihtoladut sek\u00e4 pienemmille Lumimaan pulkkam\u00e4ki. Kes\u00e4ll\u00e4 puolestaan ulottuvillasi on monenpituisia ja -tasoisia reittej\u00e4 patikointiin ja py\u00f6r\u00e4ilyyn. P\u00e4\u00e4set jopa \u201dlaskettelemaan\u201d tunturin huipulta alas py\u00f6r\u00e4n sel\u00e4ss\u00e4 upouudessa hissipy\u00f6r\u00e4ilypuistossa. Alueelta l\u00f6ytyy er\u00e4tupia ja laavuja y\u00f6pymiseen, taukopaikoiksi ja ruoanlaittoon.<\/p><p>\u00a0<\/p><p>Vor den Toren des Nationalparks Sy\u00f6tte befindet sich auch ein Naturzentrum, dessen Ausstellung \u00fcber das Zusammenspiel von Mensch und Natur in der Gegend seit der Antike erz\u00e4hlt. Das Zentrum bietet auch Anleitungen zu verschiedenen Natur- und Wanderwegen in der Umgebung und es gibt auch ein Mittagscaf\u00e9. <a href=\"https:\/\/syote.fi\/\" target=\"_blank\" rel=\"noopener\">Lesen Sie mehr im Feed.<\/a><\/p>\t\t\t\t\t\t\t\t<\/div>\n\t\t\t\t<\/div>\n\t\t\t\t\t<\/div>\n\t\t<\/div>\n\t\t\t\t\t<\/div>\n\t\t<\/section>\n\t\t\t\t<\/div>","protected":false},"excerpt":{"rendered":"<p>Luonnossa puuhastelua Parhaat vinkkimme Mets\u00e4 Kolon lumoavaan luontoon ja l\u00e4hialueiden kiinnostavimpiin k\u00e4yntikohteisiin.\u00a0 Mets\u00e4k\u00e4velyK\u00e4vely mets\u00e4ss\u00e4 on parasta tasapainoa arjen kiireisiin. Jokainen vuodenaika esitt\u00e4\u00e4 sinulle erityispiirteens\u00e4, ja luonto tarjoaa erilaisia valon s\u00e4vyj\u00e4 vuoden jokaisena p\u00e4iv\u00e4n\u00e4. Mets\u00e4t ovat turvallisia liikkua ja uskallamme luvata, ett\u00e4 niiss\u00e4 koet olevasi irti arjesta tai mielt\u00e4 painavista ajatuksista. Patikointi ja retkeily Ranuan luonto [&hellip;]<\/p>\n","protected":false},"author":1,"featured_media":0,"parent":0,"menu_order":0,"comment_status":"closed","ping_status":"closed","template":"elementor_header_footer","meta":{"inline_featured_image":false,"footnotes":""},"class_list":["post-1187","page","type-page","status-publish","hentry"],"_links":{"self":[{"href":"https:\/\/metsakolo.fi\/de\/wp-json\/wp\/v2\/pages\/1187","targetHints":{"allow":["GET"]}}],"collection":[{"href":"https:\/\/metsakolo.fi\/de\/wp-json\/wp\/v2\/pages"}],"about":[{"href":"https:\/\/metsakolo.fi\/de\/wp-json\/wp\/v2\/types\/page"}],"author":[{"embeddable":true,"href":"https:\/\/metsakolo.fi\/de\/wp-json\/wp\/v2\/users\/1"}],"replies":[{"embeddable":true,"href":"https:\/\/metsakolo.fi\/de\/wp-json\/wp\/v2\/comments?post=1187"}],"version-history":[{"count":250,"href":"https:\/\/metsakolo.fi\/de\/wp-json\/wp\/v2\/pages\/1187\/revisions"}],"predecessor-version":[{"id":5059,"href":"https:\/\/metsakolo.fi\/de\/wp-json\/wp\/v2\/pages\/1187\/revisions\/5059"}],"wp:attachment":[{"href":"https:\/\/metsakolo.fi\/de\/wp-json\/wp\/v2\/media?parent=1187"}],"curies":[{"name":"wp","href":"https:\/\/api.w.org\/{rel}","templated":true}]}}